{"id":111,"date":"2017-12-23T21:26:02","date_gmt":"2017-12-23T20:26:02","guid":{"rendered":"http:\/\/neu.hakomi-austria.at\/mitgliederbereich\/?page_id=111"},"modified":"2023-03-27T14:09:08","modified_gmt":"2023-03-27T12:09:08","slug":"startseite","status":"publish","type":"page","link":"https:\/\/neu.hakomi-austria.at\/home\/","title":{"rendered":"Home"},"content":{"rendered":"<p><div class=\"fusion-fullwidth fullwidth-box fusion-builder-row-1 nonhundred-percent-fullwidth non-hundred-percent-height-scrolling\" style=\"--awb-border-radius-top-left:0px;--awb-border-radius-top-right:0px;--awb-border-radius-bottom-right:0px;--awb-border-radius-bottom-left:0px;\" ><div class=\"fusion-builder-row fusion-row\"><div class=\"fusion-layout-column fusion_builder_column fusion-builder-column-0 fusion_builder_column_2_3 2_3 fusion-two-third fusion-column-first\" style=\"--awb-bg-size:cover;width:66.666666666667%;width:calc(66.666666666667% - ( ( 4% ) * 0.66666666666667 ) );margin-right: 4%;\"><div class=\"fusion-column-wrapper fusion-flex-column-wrapper-legacy\"><div class=\"fusion-text fusion-text-1\"><h2 class=\"paragraph_style_4\">\u201eEs geht nicht nur darum, wer du glaubst zu sein. Es geht nicht um etwas, das du nur intellektuell begreifen kannst. Es geht darum, wer du im tiefsten Grunde deines Herzens bist.\u201c<\/h2>\n<h3 class=\"paragraph_style_4\">Ron Kurtz<br \/>\n<a class=\"class11\" title=\"http:\/\/web.me.com\/unknown-account\/Website\/News\/Eintr\u00e4ge\/2011\/1\/4_Trauer_um_Ron_Kurtz,_den_Begrunder_der_Hakomi_Methode.html\" href=\"http:\/\/web.me.com\/unknown-account\/Website\/News\/Eintr%C3%A4ge\/2011\/1\/4_Trauer_um_Ron_Kurtz,_den_Begrunder_der_Hakomi_Methode.html\">(*1934 \u20202011)<\/a><\/h3>\n<\/div><div class=\"fusion-clearfix\"><\/div><\/div><\/div><div class=\"fusion-layout-column fusion_builder_column fusion-builder-column-1 fusion_builder_column_1_3 1_3 fusion-one-third fusion-column-last\" style=\"--awb-bg-size:cover;width:33.333333333333%;width:calc(33.333333333333% - ( ( 4% ) * 0.33333333333333 ) );\"><div class=\"fusion-column-wrapper fusion-flex-column-wrapper-legacy\"><div class=\"fusion-image-element in-legacy-container\" style=\"--awb-caption-title-size:var(--h2_typography-font-size);--awb-caption-title-transform:var(--h2_typography-text-transform);--awb-caption-title-line-height:var(--h2_typography-line-height);--awb-caption-title-letter-spacing:var(--h2_typography-letter-spacing);\"><span class=\" fusion-imageframe imageframe-none imageframe-1 hover-type-none\"><img decoding=\"async\" width=\"136\" height=\"185\" title=\"Ron Kurtz\" src=\"http:\/\/neu.hakomi-austria.at\/wp-content\/uploads\/2017\/12\/shapeimage_6.png\" alt class=\"img-responsive wp-image-125\"\/><\/span><\/div><div class=\"fusion-clearfix\"><\/div><\/div><\/div><\/div><\/div><div class=\"fusion-fullwidth fullwidth-box fusion-builder-row-2 nonhundred-percent-fullwidth non-hundred-percent-height-scrolling\" style=\"--awb-border-radius-top-left:0px;--awb-border-radius-top-right:0px;--awb-border-radius-bottom-right:0px;--awb-border-radius-bottom-left:0px;\" ><div class=\"fusion-builder-row fusion-row\"><div class=\"fusion-layout-column fusion_builder_column fusion-builder-column-2 fusion_builder_column_1_1 1_1 fusion-one-full fusion-column-first fusion-column-last\" style=\"--awb-bg-size:cover;\"><div class=\"fusion-column-wrapper fusion-flex-column-wrapper-legacy\"><div class=\"fusion-text fusion-text-2\"><h1>Willkommen bei Hakomi-\u00d6sterreich!<\/h1>\n<h2>Hier finden Sie Informationen \u00fcber die <a href=\"\/methode\/\">Methode<\/a> und <a href=\"\/therapeutinnen\/\">TherapeutInnen<\/a>.<\/h2>\n<\/div><div class=\"fusion-clearfix\"><\/div><\/div><\/div><\/div><\/div><\/p>\n","protected":false},"excerpt":{"rendered":"","protected":false},"author":39,"featured_media":0,"parent":0,"menu_order":0,"comment_status":"closed","ping_status":"closed","template":"","meta":[],"yoast_head":"<!-- This site is optimized with the Yoast SEO plugin v20.3 - https:\/\/yoast.com\/wordpress\/plugins\/seo\/ -->\n<title>Home - Hakomi-\u00d6sterreich<\/title>\n<meta name=\"description\" content=\"Hakomi-\u00d6sterreich ist die Vernetzungsplattform von Hakomi-Therapeutinnen und Therapeuten in \u00d6sterreich und besteht seit J\u00e4nner 2004.\" \/>\n<meta name=\"robots\" content=\"index, follow, max-snippet:-1, max-image-preview:large, max-video-preview:-1\" \/>\n<link rel=\"canonical\" href=\"https:\/\/neu.hakomi-austria.at\/home\/\" \/>\n<meta property=\"og:locale\" content=\"de_DE\" \/>\n<meta property=\"og:type\" content=\"article\" \/>\n<meta property=\"og:title\" content=\"Home - Hakomi-\u00d6sterreich\" \/>\n<meta property=\"og:description\" content=\"Hakomi-\u00d6sterreich ist die Vernetzungsplattform von Hakomi-Therapeutinnen und Therapeuten in \u00d6sterreich und besteht seit J\u00e4nner 2004.\" \/>\n<meta property=\"og:url\" content=\"https:\/\/neu.hakomi-austria.at\/home\/\" \/>\n<meta property=\"og:site_name\" content=\"Hakomi-\u00d6sterreich\" \/>\n<meta property=\"article:publisher\" content=\"https:\/\/www.facebook.com\/profile.php?id=100078170244385\" \/>\n<meta property=\"article:modified_time\" content=\"2023-03-27T12:09:08+00:00\" \/>\n<meta property=\"og:image\" content=\"https:\/\/neu.hakomi-austria.at\/wp-content\/uploads\/2023\/03\/326273779_672118171373516_1105712334325578342_n.jpg\" \/>\n\t<meta property=\"og:image:width\" content=\"376\" \/>\n\t<meta property=\"og:image:height\" content=\"368\" \/>\n\t<meta property=\"og:image:type\" content=\"image\/jpeg\" \/>\n<meta name=\"twitter:card\" content=\"summary_large_image\" \/>\n<meta name=\"twitter:label1\" content=\"Gesch\u00e4tzte Lesezeit\" \/>\n\t<meta name=\"twitter:data1\" content=\"2\u00a0Minuten\" \/>\n<script type=\"application\/ld+json\" class=\"yoast-schema-graph\">{\"@context\":\"https:\/\/schema.org\",\"@graph\":[{\"@type\":\"WebPage\",\"@id\":\"https:\/\/neu.hakomi-austria.at\/home\/\",\"url\":\"https:\/\/neu.hakomi-austria.at\/home\/\",\"name\":\"Home - Hakomi-\u00d6sterreich\",\"isPartOf\":{\"@id\":\"https:\/\/neu.hakomi-austria.at\/home\/#website\"},\"datePublished\":\"2017-12-23T20:26:02+00:00\",\"dateModified\":\"2023-03-27T12:09:08+00:00\",\"description\":\"Hakomi-\u00d6sterreich ist die Vernetzungsplattform von Hakomi-Therapeutinnen und Therapeuten in \u00d6sterreich und besteht seit J\u00e4nner 2004.\",\"breadcrumb\":{\"@id\":\"https:\/\/neu.hakomi-austria.at\/home\/#breadcrumb\"},\"inLanguage\":\"de\",\"potentialAction\":[{\"@type\":\"ReadAction\",\"target\":[\"https:\/\/neu.hakomi-austria.at\/home\/\"]}]},{\"@type\":\"BreadcrumbList\",\"@id\":\"https:\/\/neu.hakomi-austria.at\/home\/#breadcrumb\",\"itemListElement\":[{\"@type\":\"ListItem\",\"position\":1,\"name\":\"Startseite\",\"item\":\"https:\/\/neu.hakomi-austria.at\/home\/\"},{\"@type\":\"ListItem\",\"position\":2,\"name\":\"Home\"}]},{\"@type\":\"WebSite\",\"@id\":\"https:\/\/neu.hakomi-austria.at\/home\/#website\",\"url\":\"https:\/\/neu.hakomi-austria.at\/home\/\",\"name\":\"Hakomi \u00d6sterreich\",\"description\":\"Verein f\u00fcr k\u00f6rperorientierte Psychotherapie\",\"publisher\":{\"@id\":\"https:\/\/neu.hakomi-austria.at\/home\/#organization\"},\"alternateName\":\"\u00d6sterreich: Hakomi Therapie und Hakomi Therapeuten und Therapeutinnen\",\"potentialAction\":[{\"@type\":\"SearchAction\",\"target\":{\"@type\":\"EntryPoint\",\"urlTemplate\":\"https:\/\/neu.hakomi-austria.at\/home\/?s={search_term_string}\"},\"query-input\":\"required name=search_term_string\"}],\"inLanguage\":\"de\"},{\"@type\":\"Organization\",\"@id\":\"https:\/\/neu.hakomi-austria.at\/home\/#organization\",\"name\":\"Hakomi \u00d6sterreich \u2013 Verein f\u00fcr k\u00f6rperorientierte Psychotherapie\",\"url\":\"https:\/\/neu.hakomi-austria.at\/home\/\",\"logo\":{\"@type\":\"ImageObject\",\"inLanguage\":\"de\",\"@id\":\"https:\/\/neu.hakomi-austria.at\/home\/#\/schema\/logo\/image\/\",\"url\":\"https:\/\/neu.hakomi-austria.at\/wp-content\/uploads\/2017\/12\/HAKOMI-\u00d6sterreich-Logo-2016-RGB-150h.jpg\",\"contentUrl\":\"https:\/\/neu.hakomi-austria.at\/wp-content\/uploads\/2017\/12\/HAKOMI-\u00d6sterreich-Logo-2016-RGB-150h.jpg\",\"width\":662,\"height\":150,\"caption\":\"Hakomi \u00d6sterreich \u2013 Verein f\u00fcr k\u00f6rperorientierte Psychotherapie\"},\"image\":{\"@id\":\"https:\/\/neu.hakomi-austria.at\/home\/#\/schema\/logo\/image\/\"},\"sameAs\":[\"https:\/\/www.facebook.com\/profile.php?id=100078170244385\",\"https:\/\/www.instagram.com\/hakomi_austria\/\"]}]}<\/script>\n<!-- \/ Yoast SEO plugin. -->","yoast_head_json":{"title":"Home - Hakomi-\u00d6sterreich","description":"Hakomi-\u00d6sterreich ist die Vernetzungsplattform von Hakomi-Therapeutinnen und Therapeuten in \u00d6sterreich und besteht seit J\u00e4nner 2004.","robots":{"index":"index","follow":"follow","max-snippet":"max-snippet:-1","max-image-preview":"max-image-preview:large","max-video-preview":"max-video-preview:-1"},"canonical":"https:\/\/neu.hakomi-austria.at\/home\/","og_locale":"de_DE","og_type":"article","og_title":"Home - Hakomi-\u00d6sterreich","og_description":"Hakomi-\u00d6sterreich ist die Vernetzungsplattform von Hakomi-Therapeutinnen und Therapeuten in \u00d6sterreich und besteht seit J\u00e4nner 2004.","og_url":"https:\/\/neu.hakomi-austria.at\/home\/","og_site_name":"Hakomi-\u00d6sterreich","article_publisher":"https:\/\/www.facebook.com\/profile.php?id=100078170244385","article_modified_time":"2023-03-27T12:09:08+00:00","og_image":[{"width":376,"height":368,"url":"https:\/\/neu.hakomi-austria.at\/wp-content\/uploads\/2023\/03\/326273779_672118171373516_1105712334325578342_n.jpg","type":"image\/jpeg"}],"twitter_card":"summary_large_image","twitter_misc":{"Gesch\u00e4tzte Lesezeit":"2\u00a0Minuten"},"schema":{"@context":"https:\/\/schema.org","@graph":[{"@type":"WebPage","@id":"https:\/\/neu.hakomi-austria.at\/home\/","url":"https:\/\/neu.hakomi-austria.at\/home\/","name":"Home - Hakomi-\u00d6sterreich","isPartOf":{"@id":"https:\/\/neu.hakomi-austria.at\/home\/#website"},"datePublished":"2017-12-23T20:26:02+00:00","dateModified":"2023-03-27T12:09:08+00:00","description":"Hakomi-\u00d6sterreich ist die Vernetzungsplattform von Hakomi-Therapeutinnen und Therapeuten in \u00d6sterreich und besteht seit J\u00e4nner 2004.","breadcrumb":{"@id":"https:\/\/neu.hakomi-austria.at\/home\/#breadcrumb"},"inLanguage":"de","potentialAction":[{"@type":"ReadAction","target":["https:\/\/neu.hakomi-austria.at\/home\/"]}]},{"@type":"BreadcrumbList","@id":"https:\/\/neu.hakomi-austria.at\/home\/#breadcrumb","itemListElement":[{"@type":"ListItem","position":1,"name":"Startseite","item":"https:\/\/neu.hakomi-austria.at\/home\/"},{"@type":"ListItem","position":2,"name":"Home"}]},{"@type":"WebSite","@id":"https:\/\/neu.hakomi-austria.at\/home\/#website","url":"https:\/\/neu.hakomi-austria.at\/home\/","name":"Hakomi \u00d6sterreich","description":"Verein f\u00fcr k\u00f6rperorientierte Psychotherapie","publisher":{"@id":"https:\/\/neu.hakomi-austria.at\/home\/#organization"},"alternateName":"\u00d6sterreich: Hakomi Therapie und Hakomi Therapeuten und Therapeutinnen","potentialAction":[{"@type":"SearchAction","target":{"@type":"EntryPoint","urlTemplate":"https:\/\/neu.hakomi-austria.at\/home\/?s={search_term_string}"},"query-input":"required name=search_term_string"}],"inLanguage":"de"},{"@type":"Organization","@id":"https:\/\/neu.hakomi-austria.at\/home\/#organization","name":"Hakomi \u00d6sterreich \u2013 Verein f\u00fcr k\u00f6rperorientierte Psychotherapie","url":"https:\/\/neu.hakomi-austria.at\/home\/","logo":{"@type":"ImageObject","inLanguage":"de","@id":"https:\/\/neu.hakomi-austria.at\/home\/#\/schema\/logo\/image\/","url":"https:\/\/neu.hakomi-austria.at\/wp-content\/uploads\/2017\/12\/HAKOMI-\u00d6sterreich-Logo-2016-RGB-150h.jpg","contentUrl":"https:\/\/neu.hakomi-austria.at\/wp-content\/uploads\/2017\/12\/HAKOMI-\u00d6sterreich-Logo-2016-RGB-150h.jpg","width":662,"height":150,"caption":"Hakomi \u00d6sterreich \u2013 Verein f\u00fcr k\u00f6rperorientierte Psychotherapie"},"image":{"@id":"https:\/\/neu.hakomi-austria.at\/home\/#\/schema\/logo\/image\/"},"sameAs":["https:\/\/www.facebook.com\/profile.php?id=100078170244385","https:\/\/www.instagram.com\/hakomi_austria\/"]}]}},"_links":{"self":[{"href":"https:\/\/neu.hakomi-austria.at\/home\/wp-json\/wp\/v2\/pages\/111"}],"collection":[{"href":"https:\/\/neu.hakomi-austria.at\/home\/wp-json\/wp\/v2\/pages"}],"about":[{"href":"https:\/\/neu.hakomi-austria.at\/home\/wp-json\/wp\/v2\/types\/page"}],"author":[{"embeddable":true,"href":"https:\/\/neu.hakomi-austria.at\/home\/wp-json\/wp\/v2\/users\/39"}],"replies":[{"embeddable":true,"href":"https:\/\/neu.hakomi-austria.at\/home\/wp-json\/wp\/v2\/comments?post=111"}],"version-history":[{"count":23,"href":"https:\/\/neu.hakomi-austria.at\/home\/wp-json\/wp\/v2\/pages\/111\/revisions"}],"predecessor-version":[{"id":13413,"href":"https:\/\/neu.hakomi-austria.at\/home\/wp-json\/wp\/v2\/pages\/111\/revisions\/13413"}],"wp:attachment":[{"href":"https:\/\/neu.hakomi-austria.at\/home\/wp-json\/wp\/v2\/media?parent=111"}],"curies":[{"name":"wp","href":"https:\/\/api.w.org\/{rel}","templated":true}]}}