{"id":13196,"date":"2019-06-14T17:29:13","date_gmt":"2019-06-14T15:29:13","guid":{"rendered":"http:\/\/neu.hakomi-austria.at\/home\/?page_id=13196"},"modified":"2025-06-03T14:48:05","modified_gmt":"2025-06-03T12:48:05","slug":"newsletter","status":"publish","type":"page","link":"https:\/\/neu.hakomi-austria.at\/home\/service-2\/newsletter\/","title":{"rendered":"Newsletter"},"content":{"rendered":"<div class=\"fusion-fullwidth fullwidth-box fusion-builder-row-1 nonhundred-percent-fullwidth non-hundred-percent-height-scrolling\" style=\"--awb-border-radius-top-left:0px;--awb-border-radius-top-right:0px;--awb-border-radius-bottom-right:0px;--awb-border-radius-bottom-left:0px;--awb-padding-top:0px;--awb-padding-right:10px;--awb-padding-bottom:10px;--awb-padding-left:20px;--awb-margin-top:10px;--awb-margin-bottom:10px;--awb-background-color:#cccccc;\" ><div class=\"fusion-builder-row fusion-row\"><div class=\"fusion-layout-column fusion_builder_column fusion-builder-column-0 fusion_builder_column_1_1 1_1 fusion-one-full fusion-column-first fusion-column-last\" style=\"--awb-bg-size:cover;\"><div class=\"fusion-column-wrapper fusion-flex-column-wrapper-legacy\"><div class=\"fusion-section-separator section-separator triangle fusion-section-separator-1\" style=\"--awb-border-bottom:0px solid #f6f6f6;--awb-spacer-height:0px;--awb-svg-margin-left:0;--awb-svg-margin-right:0;--awb-icon-color:#ffffff;\"><div class=\"fusion-section-separator-svg\"><div class=\"divider-candy-arrow bottom\" style=\"top:0px;border-top-color: #ffffff;\"><\/div><div class=\"divider-candy bottom\" style=\"bottom:-20px;border-bottom:1px solid #f6f6f6;border-left:1px solid #f6f6f6;\"><\/div><\/div><div class=\"fusion-section-separator-spacer\"><div class=\"fusion-section-separator-spacer-height\"><\/div><\/div><\/div><div class=\"fusion-clearfix\"><\/div><\/div><\/div><div class=\"fusion-layout-column fusion_builder_column fusion-builder-column-1 fusion_builder_column_1_1 1_1 fusion-one-full fusion-column-first fusion-column-last\" style=\"--awb-bg-size:cover;\"><div class=\"fusion-column-wrapper fusion-column-has-shadow fusion-flex-column-wrapper-legacy\"><div class=\"fusion-text fusion-text-1\"><h1>Newsletter<\/h1>\n<p>Hier finden Sie alle bisherigen Ausgaben des Newsletters von Hakomi-\u00d6sterreich<\/p>\n<\/div><div class=\"fusion-clearfix\"><\/div><\/div><\/div><div class=\"fusion-layout-column fusion_builder_column fusion-builder-column-2 fusion_builder_column_1_5 1_5 fusion-one-fifth fusion-column-first\" style=\"--awb-bg-size:cover;width:20%;width:calc(20% - ( ( 4% ) * 0.2 ) );margin-right: 4%;\"><div class=\"fusion-column-wrapper fusion-flex-column-wrapper-legacy\"><div class=\"fusion-text fusion-text-2\"><h3>Newsletter-Archiv<\/h3>\n<\/div><div class=\"fusion-button-wrapper\"><a class=\"fusion-button button-flat button-medium button-lightgray fusion-button-lightgray button-1 fusion-button-default-span fusion-button-default-type\" target=\"_blank\" rel=\"noopener noreferrer\" href=\"\/wp-content\/uploads\/2017\/12\/Hakomi_Oesterreich_Newsletter_2020-II.pdf\"><span class=\"fusion-button-text\">Nr. 2 \u2013 2020<\/span><\/a><\/div><div class=\"fusion-button-wrapper\"><a class=\"fusion-button button-flat button-medium button-lightgray fusion-button-lightgray button-2 fusion-button-default-span fusion-button-default-type\" target=\"_blank\" rel=\"noopener noreferrer\" href=\"\/wp-content\/uploads\/2017\/12\/Hakomi_Oesterreich_Newsletter_2020-I.pdf\"><span class=\"fusion-button-text\">Nr. 1 \u2013 2020<\/span><\/a><\/div><div class=\"fusion-sep-clear\"><\/div><div class=\"fusion-separator fusion-full-width-sep\" style=\"margin-left: auto;margin-right: auto;margin-top:10px;margin-bottom:10px;width:100%;\"><\/div><div class=\"fusion-sep-clear\"><\/div><div class=\"fusion-button-wrapper\"><a class=\"fusion-button button-flat button-medium button-lightgray fusion-button-lightgray button-3 fusion-button-default-span fusion-button-default-type\" target=\"_blank\" rel=\"noopener noreferrer\" href=\"\/wp-content\/uploads\/2017\/12\/Hakomi_Oesterreich_Newsletter_2019-II.pdf\"><span class=\"fusion-button-text\">Nr. 2 \u2013 2019<\/span><\/a><\/div><div class=\"fusion-button-wrapper\"><a class=\"fusion-button button-flat button-medium button-lightgray fusion-button-lightgray button-4 fusion-button-default-span fusion-button-default-type\" target=\"_blank\" rel=\"noopener noreferrer\" href=\"\/wp-content\/uploads\/2017\/12\/Hakomi_Oesterreich_Newsletter_2019-I.pdf\"><span class=\"fusion-button-text\">Nr. 1 \u2013 2019<\/span><\/a><\/div><div class=\"fusion-sep-clear\"><\/div><div class=\"fusion-separator fusion-full-width-sep\" style=\"margin-left: auto;margin-right: auto;margin-top:10px;margin-bottom:10px;width:100%;\"><\/div><div class=\"fusion-sep-clear\"><\/div><div class=\"fusion-button-wrapper\"><a class=\"fusion-button button-flat button-medium button-lightgray fusion-button-lightgray button-5 fusion-button-default-span fusion-button-default-type\" target=\"_blank\" rel=\"noopener noreferrer\" href=\"\/wp-content\/uploads\/2017\/12\/Hakomi_Oesterreich_Newsletter_2018-II.pdf\"><span class=\"fusion-button-text\">Nr. 2 \u2013 2018<\/span><\/a><\/div><div class=\"fusion-button-wrapper\"><a class=\"fusion-button button-flat button-medium button-lightgray fusion-button-lightgray button-6 fusion-button-default-span fusion-button-default-type\" target=\"_blank\" rel=\"noopener noreferrer\" href=\"\/wp-content\/uploads\/2017\/12\/Hakomi_Oesterreich_Newsletter_2018-I.pdf\"><span class=\"fusion-button-text\">Nr. 1 \u2013 2018<\/span><\/a><\/div><div class=\"fusion-sep-clear\"><\/div><div class=\"fusion-separator fusion-full-width-sep\" style=\"margin-left: auto;margin-right: auto;margin-top:10px;margin-bottom:10px;width:100%;\"><\/div><div class=\"fusion-sep-clear\"><\/div><div class=\"fusion-button-wrapper\"><a class=\"fusion-button button-flat button-medium button-lightgray fusion-button-lightgray button-7 fusion-button-default-span fusion-button-default-type\" target=\"_blank\" rel=\"noopener noreferrer\" href=\"\/wp-content\/uploads\/2017\/12\/Hakomi_Oesterreich_Newsletter_2017-II.pdf\"><span class=\"fusion-button-text\">Nr. 2 \u2013 2017<\/span><\/a><\/div><div class=\"fusion-button-wrapper\"><a class=\"fusion-button button-flat button-medium button-lightgray fusion-button-lightgray button-8 fusion-button-default-span fusion-button-default-type\" target=\"_blank\" rel=\"noopener noreferrer\" href=\"\/wp-content\/uploads\/2017\/12\/Hakomi_Oesterreich_Newsletter_2017-I.pdf\"><span class=\"fusion-button-text\">Nr. 1 \u2013 2017<\/span><\/a><\/div><div class=\"fusion-sep-clear\"><\/div><div class=\"fusion-separator fusion-full-width-sep\" style=\"margin-left: auto;margin-right: auto;margin-top:10px;margin-bottom:10px;width:100%;\"><\/div><div class=\"fusion-sep-clear\"><\/div><div class=\"fusion-button-wrapper\"><a class=\"fusion-button button-flat button-medium button-lightgray fusion-button-lightgray button-9 fusion-button-default-span fusion-button-default-type\" target=\"_blank\" rel=\"noopener noreferrer\" href=\"\/wp-content\/uploads\/2017\/12\/Hakomi_Oesterreich_Newsletter_2016-II.pdf\"><span class=\"fusion-button-text\">Nr. 2 \u2013 2016<\/span><\/a><\/div><div class=\"fusion-button-wrapper\"><a class=\"fusion-button button-flat button-medium button-lightgray fusion-button-lightgray button-10 fusion-button-default-span fusion-button-default-type\" target=\"_blank\" rel=\"noopener noreferrer\" href=\"\/wp-content\/uploads\/2017\/12\/Hakomi-\u00d6sterreich-Newsletter-1-2016.pdf\"><span class=\"fusion-button-text\">Nr. 1 \u2013 2016<\/span><\/a><\/div><div class=\"fusion-sep-clear\"><\/div><div class=\"fusion-separator fusion-full-width-sep\" style=\"margin-left: auto;margin-right: auto;margin-top:10px;margin-bottom:10px;width:100%;\"><\/div><div class=\"fusion-sep-clear\"><\/div><div class=\"fusion-clearfix\"><\/div><\/div><\/div>\n<div class=\"fusion-layout-column fusion_builder_column fusion-builder-column-3 fusion_builder_column_1_2 1_2 fusion-one-half fusion-column-last\" style=\"--awb-bg-size:cover;width:50%;width:calc(50% - ( ( 4% ) * 0.5 ) );\"><div class=\"fusion-column-wrapper fusion-column-has-shadow fusion-flex-column-wrapper-legacy\"><div class=\"fusion-text fusion-text-3\"><h2>Sie m\u00f6chten unseren Newsletter abonnieren?<\/h2>\n<p>Nichts einfacher als das. Senden Sie uns eine Email mit dem Betreff &#8220;Newsletter&#8221; an <a href=\"mailto:info@hakomi-austria.at?subject=Anmeldung%20zum%20Newsletter&amp;body=Hallo%2C%20%0A%0Aich%20melde%20mich%20hiermit%20zum%20Newsletter%20an\">info@hakomi-austria.at<\/a><\/p>\n<\/div><div class=\"fusion-clearfix\"><\/div><\/div><\/div><\/div><\/div>\n","protected":false},"excerpt":{"rendered":"","protected":false},"author":39,"featured_media":0,"parent":206,"menu_order":0,"comment_status":"closed","ping_status":"closed","template":"","meta":[],"yoast_head":"<!-- This site is optimized with the Yoast SEO plugin v20.3 - https:\/\/yoast.com\/wordpress\/plugins\/seo\/ -->\n<title>Newsletter - Hakomi-\u00d6sterreich<\/title>\n<meta name=\"robots\" content=\"index, follow, max-snippet:-1, max-image-preview:large, max-video-preview:-1\" \/>\n<link rel=\"canonical\" href=\"https:\/\/neu.hakomi-austria.at\/home\/service-2\/newsletter\/\" \/>\n<meta property=\"og:locale\" content=\"de_DE\" \/>\n<meta property=\"og:type\" content=\"article\" \/>\n<meta property=\"og:title\" content=\"Newsletter - Hakomi-\u00d6sterreich\" \/>\n<meta property=\"og:url\" content=\"https:\/\/neu.hakomi-austria.at\/home\/service-2\/newsletter\/\" \/>\n<meta property=\"og:site_name\" content=\"Hakomi-\u00d6sterreich\" \/>\n<meta property=\"article:publisher\" content=\"https:\/\/www.facebook.com\/profile.php?id=100078170244385\" \/>\n<meta property=\"article:modified_time\" content=\"2025-06-03T12:48:05+00:00\" \/>\n<meta property=\"og:image\" content=\"https:\/\/neu.hakomi-austria.at\/wp-content\/uploads\/2017\/12\/HAKOMI-\u00d6sterreich-Logo-2016-RGB-150h.jpg\" \/>\n\t<meta property=\"og:image:width\" content=\"662\" \/>\n\t<meta property=\"og:image:height\" content=\"150\" \/>\n\t<meta property=\"og:image:type\" content=\"image\/jpeg\" \/>\n<meta name=\"twitter:card\" content=\"summary_large_image\" \/>\n<meta name=\"twitter:label1\" content=\"Gesch\u00e4tzte Lesezeit\" \/>\n\t<meta name=\"twitter:data1\" content=\"2\u00a0Minuten\" \/>\n<script type=\"application\/ld+json\" class=\"yoast-schema-graph\">{\"@context\":\"https:\/\/schema.org\",\"@graph\":[{\"@type\":\"WebPage\",\"@id\":\"https:\/\/neu.hakomi-austria.at\/home\/service-2\/newsletter\/\",\"url\":\"https:\/\/neu.hakomi-austria.at\/home\/service-2\/newsletter\/\",\"name\":\"Newsletter - Hakomi-\u00d6sterreich\",\"isPartOf\":{\"@id\":\"https:\/\/neu.hakomi-austria.at\/home\/#website\"},\"datePublished\":\"2019-06-14T15:29:13+00:00\",\"dateModified\":\"2025-06-03T12:48:05+00:00\",\"breadcrumb\":{\"@id\":\"https:\/\/neu.hakomi-austria.at\/home\/service-2\/newsletter\/#breadcrumb\"},\"inLanguage\":\"de\",\"potentialAction\":[{\"@type\":\"ReadAction\",\"target\":[\"https:\/\/neu.hakomi-austria.at\/home\/service-2\/newsletter\/\"]}]},{\"@type\":\"BreadcrumbList\",\"@id\":\"https:\/\/neu.hakomi-austria.at\/home\/service-2\/newsletter\/#breadcrumb\",\"itemListElement\":[{\"@type\":\"ListItem\",\"position\":1,\"name\":\"Startseite\",\"item\":\"https:\/\/neu.hakomi-austria.at\/home\/\"},{\"@type\":\"ListItem\",\"position\":2,\"name\":\"Service\",\"item\":\"https:\/\/neu.hakomi-austria.at\/home\/service-2\/\"},{\"@type\":\"ListItem\",\"position\":3,\"name\":\"Newsletter\"}]},{\"@type\":\"WebSite\",\"@id\":\"https:\/\/neu.hakomi-austria.at\/home\/#website\",\"url\":\"https:\/\/neu.hakomi-austria.at\/home\/\",\"name\":\"Hakomi \u00d6sterreich\",\"description\":\"Verein f\u00fcr k\u00f6rperorientierte Psychotherapie\",\"publisher\":{\"@id\":\"https:\/\/neu.hakomi-austria.at\/home\/#organization\"},\"alternateName\":\"\u00d6sterreich: Hakomi Therapie und Hakomi Therapeuten und Therapeutinnen\",\"potentialAction\":[{\"@type\":\"SearchAction\",\"target\":{\"@type\":\"EntryPoint\",\"urlTemplate\":\"https:\/\/neu.hakomi-austria.at\/home\/?s={search_term_string}\"},\"query-input\":\"required name=search_term_string\"}],\"inLanguage\":\"de\"},{\"@type\":\"Organization\",\"@id\":\"https:\/\/neu.hakomi-austria.at\/home\/#organization\",\"name\":\"Hakomi \u00d6sterreich \u2013 Verein f\u00fcr k\u00f6rperorientierte Psychotherapie\",\"url\":\"https:\/\/neu.hakomi-austria.at\/home\/\",\"logo\":{\"@type\":\"ImageObject\",\"inLanguage\":\"de\",\"@id\":\"https:\/\/neu.hakomi-austria.at\/home\/#\/schema\/logo\/image\/\",\"url\":\"https:\/\/neu.hakomi-austria.at\/wp-content\/uploads\/2017\/12\/HAKOMI-\u00d6sterreich-Logo-2016-RGB-150h.jpg\",\"contentUrl\":\"https:\/\/neu.hakomi-austria.at\/wp-content\/uploads\/2017\/12\/HAKOMI-\u00d6sterreich-Logo-2016-RGB-150h.jpg\",\"width\":662,\"height\":150,\"caption\":\"Hakomi \u00d6sterreich \u2013 Verein f\u00fcr k\u00f6rperorientierte Psychotherapie\"},\"image\":{\"@id\":\"https:\/\/neu.hakomi-austria.at\/home\/#\/schema\/logo\/image\/\"},\"sameAs\":[\"https:\/\/www.facebook.com\/profile.php?id=100078170244385\",\"https:\/\/www.instagram.com\/hakomi_austria\/\"]}]}<\/script>\n<!-- \/ Yoast SEO plugin. -->","yoast_head_json":{"title":"Newsletter - Hakomi-\u00d6sterreich","robots":{"index":"index","follow":"follow","max-snippet":"max-snippet:-1","max-image-preview":"max-image-preview:large","max-video-preview":"max-video-preview:-1"},"canonical":"https:\/\/neu.hakomi-austria.at\/home\/service-2\/newsletter\/","og_locale":"de_DE","og_type":"article","og_title":"Newsletter - Hakomi-\u00d6sterreich","og_url":"https:\/\/neu.hakomi-austria.at\/home\/service-2\/newsletter\/","og_site_name":"Hakomi-\u00d6sterreich","article_publisher":"https:\/\/www.facebook.com\/profile.php?id=100078170244385","article_modified_time":"2025-06-03T12:48:05+00:00","og_image":[{"width":662,"height":150,"url":"https:\/\/neu.hakomi-austria.at\/wp-content\/uploads\/2017\/12\/HAKOMI-\u00d6sterreich-Logo-2016-RGB-150h.jpg","type":"image\/jpeg"}],"twitter_card":"summary_large_image","twitter_misc":{"Gesch\u00e4tzte Lesezeit":"2\u00a0Minuten"},"schema":{"@context":"https:\/\/schema.org","@graph":[{"@type":"WebPage","@id":"https:\/\/neu.hakomi-austria.at\/home\/service-2\/newsletter\/","url":"https:\/\/neu.hakomi-austria.at\/home\/service-2\/newsletter\/","name":"Newsletter - Hakomi-\u00d6sterreich","isPartOf":{"@id":"https:\/\/neu.hakomi-austria.at\/home\/#website"},"datePublished":"2019-06-14T15:29:13+00:00","dateModified":"2025-06-03T12:48:05+00:00","breadcrumb":{"@id":"https:\/\/neu.hakomi-austria.at\/home\/service-2\/newsletter\/#breadcrumb"},"inLanguage":"de","potentialAction":[{"@type":"ReadAction","target":["https:\/\/neu.hakomi-austria.at\/home\/service-2\/newsletter\/"]}]},{"@type":"BreadcrumbList","@id":"https:\/\/neu.hakomi-austria.at\/home\/service-2\/newsletter\/#breadcrumb","itemListElement":[{"@type":"ListItem","position":1,"name":"Startseite","item":"https:\/\/neu.hakomi-austria.at\/home\/"},{"@type":"ListItem","position":2,"name":"Service","item":"https:\/\/neu.hakomi-austria.at\/home\/service-2\/"},{"@type":"ListItem","position":3,"name":"Newsletter"}]},{"@type":"WebSite","@id":"https:\/\/neu.hakomi-austria.at\/home\/#website","url":"https:\/\/neu.hakomi-austria.at\/home\/","name":"Hakomi \u00d6sterreich","description":"Verein f\u00fcr k\u00f6rperorientierte Psychotherapie","publisher":{"@id":"https:\/\/neu.hakomi-austria.at\/home\/#organization"},"alternateName":"\u00d6sterreich: Hakomi Therapie und Hakomi Therapeuten und Therapeutinnen","potentialAction":[{"@type":"SearchAction","target":{"@type":"EntryPoint","urlTemplate":"https:\/\/neu.hakomi-austria.at\/home\/?s={search_term_string}"},"query-input":"required name=search_term_string"}],"inLanguage":"de"},{"@type":"Organization","@id":"https:\/\/neu.hakomi-austria.at\/home\/#organization","name":"Hakomi \u00d6sterreich \u2013 Verein f\u00fcr k\u00f6rperorientierte Psychotherapie","url":"https:\/\/neu.hakomi-austria.at\/home\/","logo":{"@type":"ImageObject","inLanguage":"de","@id":"https:\/\/neu.hakomi-austria.at\/home\/#\/schema\/logo\/image\/","url":"https:\/\/neu.hakomi-austria.at\/wp-content\/uploads\/2017\/12\/HAKOMI-\u00d6sterreich-Logo-2016-RGB-150h.jpg","contentUrl":"https:\/\/neu.hakomi-austria.at\/wp-content\/uploads\/2017\/12\/HAKOMI-\u00d6sterreich-Logo-2016-RGB-150h.jpg","width":662,"height":150,"caption":"Hakomi \u00d6sterreich \u2013 Verein f\u00fcr k\u00f6rperorientierte Psychotherapie"},"image":{"@id":"https:\/\/neu.hakomi-austria.at\/home\/#\/schema\/logo\/image\/"},"sameAs":["https:\/\/www.facebook.com\/profile.php?id=100078170244385","https:\/\/www.instagram.com\/hakomi_austria\/"]}]}},"_links":{"self":[{"href":"https:\/\/neu.hakomi-austria.at\/home\/wp-json\/wp\/v2\/pages\/13196"}],"collection":[{"href":"https:\/\/neu.hakomi-austria.at\/home\/wp-json\/wp\/v2\/pages"}],"about":[{"href":"https:\/\/neu.hakomi-austria.at\/home\/wp-json\/wp\/v2\/types\/page"}],"author":[{"embeddable":true,"href":"https:\/\/neu.hakomi-austria.at\/home\/wp-json\/wp\/v2\/users\/39"}],"replies":[{"embeddable":true,"href":"https:\/\/neu.hakomi-austria.at\/home\/wp-json\/wp\/v2\/comments?post=13196"}],"version-history":[{"count":10,"href":"https:\/\/neu.hakomi-austria.at\/home\/wp-json\/wp\/v2\/pages\/13196\/revisions"}],"predecessor-version":[{"id":13506,"href":"https:\/\/neu.hakomi-austria.at\/home\/wp-json\/wp\/v2\/pages\/13196\/revisions\/13506"}],"up":[{"embeddable":true,"href":"https:\/\/neu.hakomi-austria.at\/home\/wp-json\/wp\/v2\/pages\/206"}],"wp:attachment":[{"href":"https:\/\/neu.hakomi-austria.at\/home\/wp-json\/wp\/v2\/media?parent=13196"}],"curies":[{"name":"wp","href":"https:\/\/api.w.org\/{rel}","templated":true}]}}