{"id":166,"date":"2017-12-25T12:08:04","date_gmt":"2017-12-25T11:08:04","guid":{"rendered":"http:\/\/neu.hakomi-austria.at\/mitgliederbereich\/?page_id=166"},"modified":"2021-02-09T09:50:49","modified_gmt":"2021-02-09T08:50:49","slug":"therapeutinnen","status":"publish","type":"page","link":"https:\/\/neu.hakomi-austria.at\/home\/therapeutinnen\/","title":{"rendered":"TherapeutInnen"},"content":{"rendered":"<div class=\"fusion-fullwidth fullwidth-box fusion-builder-row-1 nonhundred-percent-fullwidth non-hundred-percent-height-scrolling\" style=\"--awb-border-radius-top-left:0px;--awb-border-radius-top-right:0px;--awb-border-radius-bottom-right:0px;--awb-border-radius-bottom-left:0px;\" ><div class=\"fusion-builder-row fusion-row\"><div class=\"fusion-layout-column fusion_builder_column fusion-builder-column-0 fusion_builder_column_1_1 1_1 fusion-one-full fusion-column-first fusion-column-last\" style=\"--awb-bg-size:cover;\"><div class=\"fusion-column-wrapper fusion-flex-column-wrapper-legacy\"><div class=\"fusion-text fusion-text-1\"><p style=\"text-align: center;\"><div id=\"footable_parent_13307\"\n     class=\"footable_parent ninja_table_wrapper loading_ninja_table wp_table_data_press_parent bootstrap3 \">\n                    <h3 class=\"table_title footable_title\">Hakomi-Therapeutinnen aktuell<\/h3>\n                                <div\n            class=\"table_description footable_description\"><p>In dieser Liste finden Sie Hakomi-TherapeutInnen, die auch Mitglieder des Vereins Hakomi-\u00d6sterreich sind. Sie k\u00f6nnen im Suchfeld Ihre Kriterien eingeben, um schneller zu finden, wonach Sie suchen. Die Tabelle kann auch sortiert werden. Klicken Sie dazu einfach auf die \u00dcberschrift der Spalte, nach der Sie sortieren m\u00f6chten.<\/p><\/div>\n                    <table data-ninja_table_instance=\"ninja_table_instance_0\" data-footable_id=\"13307\" data-filter-delay=\"500\" aria-label=\"Ninja Tables 13307\"            id=\"footable_13307\"\n           class=\" foo-table ninja_footable foo_table_13307 table  nt_type_ table-striped table-bordered table-condensed  footable-paging-right ninja_table_pro\">\n                <colgroup>\n                            <col class=\"ninja_column_0 xs sm\">\n                            <col class=\"ninja_column_1 \">\n                            <col class=\"ninja_column_2 \">\n                            <col class=\"ninja_column_3 xs sm\">\n                            <col class=\"ninja_column_4 xs sm\">\n                            <col class=\"ninja_column_5 xs sm\">\n                            <col class=\"ninja_column_6 \">\n                            <col class=\"ninja_column_7 xs sm md lg\">\n                            <col class=\"ninja_column_8 xs sm md lg\">\n                            <col class=\"ninja_column_9 xs sm md lg\">\n                            <col class=\"ninja_column_10 xs sm md lg\">\n                            <col class=\"ninja_column_11 xs sm md lg\">\n                            <col class=\"ninja_column_12 xs sm md lg\">\n                            <col class=\"ninja_column_13 xs sm md lg\">\n                            <col class=\"ninja_column_14 xs sm md lg\">\n                            <col class=\"ninja_column_15 xs sm md lg\">\n                            <col class=\"ninja_column_16 xs sm md lg\">\n                    <\/colgroup>\n            <\/table>\n    \n    \n    \n<\/div><\/p>\n<\/div><div class=\"fusion-clearfix\"><\/div><\/div><\/div><\/div><\/div>\n","protected":false},"excerpt":{"rendered":"","protected":false},"author":39,"featured_media":0,"parent":0,"menu_order":0,"comment_status":"closed","ping_status":"closed","template":"","meta":[],"yoast_head":"<!-- This site is optimized with the Yoast SEO plugin v20.3 - https:\/\/yoast.com\/wordpress\/plugins\/seo\/ -->\n<title>TherapeutInnen - Hakomi-\u00d6sterreich<\/title>\n<meta name=\"robots\" content=\"index, follow, max-snippet:-1, max-image-preview:large, max-video-preview:-1\" \/>\n<link rel=\"canonical\" href=\"https:\/\/neu.hakomi-austria.at\/home\/therapeutinnen\/\" \/>\n<meta property=\"og:locale\" content=\"de_DE\" \/>\n<meta property=\"og:type\" content=\"article\" \/>\n<meta property=\"og:title\" content=\"TherapeutInnen - Hakomi-\u00d6sterreich\" \/>\n<meta property=\"og:url\" content=\"https:\/\/neu.hakomi-austria.at\/home\/therapeutinnen\/\" \/>\n<meta property=\"og:site_name\" content=\"Hakomi-\u00d6sterreich\" \/>\n<meta property=\"article:publisher\" content=\"https:\/\/www.facebook.com\/profile.php?id=100078170244385\" \/>\n<meta property=\"article:modified_time\" content=\"2021-02-09T08:50:49+00:00\" \/>\n<meta property=\"og:image\" content=\"https:\/\/neu.hakomi-austria.at\/wp-content\/uploads\/2017\/12\/HAKOMI-\u00d6sterreich-Logo-2016-RGB-150h.jpg\" \/>\n\t<meta property=\"og:image:width\" content=\"662\" \/>\n\t<meta property=\"og:image:height\" content=\"150\" \/>\n\t<meta property=\"og:image:type\" content=\"image\/jpeg\" \/>\n<meta name=\"twitter:card\" content=\"summary_large_image\" \/>\n<meta name=\"twitter:label1\" content=\"Gesch\u00e4tzte Lesezeit\" \/>\n\t<meta name=\"twitter:data1\" content=\"1\u00a0Minute\" \/>\n<script type=\"application\/ld+json\" class=\"yoast-schema-graph\">{\"@context\":\"https:\/\/schema.org\",\"@graph\":[{\"@type\":\"WebPage\",\"@id\":\"https:\/\/neu.hakomi-austria.at\/home\/therapeutinnen\/\",\"url\":\"https:\/\/neu.hakomi-austria.at\/home\/therapeutinnen\/\",\"name\":\"TherapeutInnen - Hakomi-\u00d6sterreich\",\"isPartOf\":{\"@id\":\"https:\/\/neu.hakomi-austria.at\/home\/#website\"},\"datePublished\":\"2017-12-25T11:08:04+00:00\",\"dateModified\":\"2021-02-09T08:50:49+00:00\",\"breadcrumb\":{\"@id\":\"https:\/\/neu.hakomi-austria.at\/home\/therapeutinnen\/#breadcrumb\"},\"inLanguage\":\"de\",\"potentialAction\":[{\"@type\":\"ReadAction\",\"target\":[\"https:\/\/neu.hakomi-austria.at\/home\/therapeutinnen\/\"]}]},{\"@type\":\"BreadcrumbList\",\"@id\":\"https:\/\/neu.hakomi-austria.at\/home\/therapeutinnen\/#breadcrumb\",\"itemListElement\":[{\"@type\":\"ListItem\",\"position\":1,\"name\":\"Startseite\",\"item\":\"https:\/\/neu.hakomi-austria.at\/home\/\"},{\"@type\":\"ListItem\",\"position\":2,\"name\":\"TherapeutInnen\"}]},{\"@type\":\"WebSite\",\"@id\":\"https:\/\/neu.hakomi-austria.at\/home\/#website\",\"url\":\"https:\/\/neu.hakomi-austria.at\/home\/\",\"name\":\"Hakomi \u00d6sterreich\",\"description\":\"Verein f\u00fcr k\u00f6rperorientierte Psychotherapie\",\"publisher\":{\"@id\":\"https:\/\/neu.hakomi-austria.at\/home\/#organization\"},\"alternateName\":\"\u00d6sterreich: Hakomi Therapie und Hakomi Therapeuten und Therapeutinnen\",\"potentialAction\":[{\"@type\":\"SearchAction\",\"target\":{\"@type\":\"EntryPoint\",\"urlTemplate\":\"https:\/\/neu.hakomi-austria.at\/home\/?s={search_term_string}\"},\"query-input\":\"required name=search_term_string\"}],\"inLanguage\":\"de\"},{\"@type\":\"Organization\",\"@id\":\"https:\/\/neu.hakomi-austria.at\/home\/#organization\",\"name\":\"Hakomi \u00d6sterreich \u2013 Verein f\u00fcr k\u00f6rperorientierte Psychotherapie\",\"url\":\"https:\/\/neu.hakomi-austria.at\/home\/\",\"logo\":{\"@type\":\"ImageObject\",\"inLanguage\":\"de\",\"@id\":\"https:\/\/neu.hakomi-austria.at\/home\/#\/schema\/logo\/image\/\",\"url\":\"https:\/\/neu.hakomi-austria.at\/wp-content\/uploads\/2017\/12\/HAKOMI-\u00d6sterreich-Logo-2016-RGB-150h.jpg\",\"contentUrl\":\"https:\/\/neu.hakomi-austria.at\/wp-content\/uploads\/2017\/12\/HAKOMI-\u00d6sterreich-Logo-2016-RGB-150h.jpg\",\"width\":662,\"height\":150,\"caption\":\"Hakomi \u00d6sterreich \u2013 Verein f\u00fcr k\u00f6rperorientierte Psychotherapie\"},\"image\":{\"@id\":\"https:\/\/neu.hakomi-austria.at\/home\/#\/schema\/logo\/image\/\"},\"sameAs\":[\"https:\/\/www.facebook.com\/profile.php?id=100078170244385\",\"https:\/\/www.instagram.com\/hakomi_austria\/\"]}]}<\/script>\n<!-- \/ Yoast SEO plugin. -->","yoast_head_json":{"title":"TherapeutInnen - Hakomi-\u00d6sterreich","robots":{"index":"index","follow":"follow","max-snippet":"max-snippet:-1","max-image-preview":"max-image-preview:large","max-video-preview":"max-video-preview:-1"},"canonical":"https:\/\/neu.hakomi-austria.at\/home\/therapeutinnen\/","og_locale":"de_DE","og_type":"article","og_title":"TherapeutInnen - Hakomi-\u00d6sterreich","og_url":"https:\/\/neu.hakomi-austria.at\/home\/therapeutinnen\/","og_site_name":"Hakomi-\u00d6sterreich","article_publisher":"https:\/\/www.facebook.com\/profile.php?id=100078170244385","article_modified_time":"2021-02-09T08:50:49+00:00","og_image":[{"width":662,"height":150,"url":"https:\/\/neu.hakomi-austria.at\/wp-content\/uploads\/2017\/12\/HAKOMI-\u00d6sterreich-Logo-2016-RGB-150h.jpg","type":"image\/jpeg"}],"twitter_card":"summary_large_image","twitter_misc":{"Gesch\u00e4tzte Lesezeit":"1\u00a0Minute"},"schema":{"@context":"https:\/\/schema.org","@graph":[{"@type":"WebPage","@id":"https:\/\/neu.hakomi-austria.at\/home\/therapeutinnen\/","url":"https:\/\/neu.hakomi-austria.at\/home\/therapeutinnen\/","name":"TherapeutInnen - Hakomi-\u00d6sterreich","isPartOf":{"@id":"https:\/\/neu.hakomi-austria.at\/home\/#website"},"datePublished":"2017-12-25T11:08:04+00:00","dateModified":"2021-02-09T08:50:49+00:00","breadcrumb":{"@id":"https:\/\/neu.hakomi-austria.at\/home\/therapeutinnen\/#breadcrumb"},"inLanguage":"de","potentialAction":[{"@type":"ReadAction","target":["https:\/\/neu.hakomi-austria.at\/home\/therapeutinnen\/"]}]},{"@type":"BreadcrumbList","@id":"https:\/\/neu.hakomi-austria.at\/home\/therapeutinnen\/#breadcrumb","itemListElement":[{"@type":"ListItem","position":1,"name":"Startseite","item":"https:\/\/neu.hakomi-austria.at\/home\/"},{"@type":"ListItem","position":2,"name":"TherapeutInnen"}]},{"@type":"WebSite","@id":"https:\/\/neu.hakomi-austria.at\/home\/#website","url":"https:\/\/neu.hakomi-austria.at\/home\/","name":"Hakomi \u00d6sterreich","description":"Verein f\u00fcr k\u00f6rperorientierte Psychotherapie","publisher":{"@id":"https:\/\/neu.hakomi-austria.at\/home\/#organization"},"alternateName":"\u00d6sterreich: Hakomi Therapie und Hakomi Therapeuten und Therapeutinnen","potentialAction":[{"@type":"SearchAction","target":{"@type":"EntryPoint","urlTemplate":"https:\/\/neu.hakomi-austria.at\/home\/?s={search_term_string}"},"query-input":"required name=search_term_string"}],"inLanguage":"de"},{"@type":"Organization","@id":"https:\/\/neu.hakomi-austria.at\/home\/#organization","name":"Hakomi \u00d6sterreich \u2013 Verein f\u00fcr k\u00f6rperorientierte Psychotherapie","url":"https:\/\/neu.hakomi-austria.at\/home\/","logo":{"@type":"ImageObject","inLanguage":"de","@id":"https:\/\/neu.hakomi-austria.at\/home\/#\/schema\/logo\/image\/","url":"https:\/\/neu.hakomi-austria.at\/wp-content\/uploads\/2017\/12\/HAKOMI-\u00d6sterreich-Logo-2016-RGB-150h.jpg","contentUrl":"https:\/\/neu.hakomi-austria.at\/wp-content\/uploads\/2017\/12\/HAKOMI-\u00d6sterreich-Logo-2016-RGB-150h.jpg","width":662,"height":150,"caption":"Hakomi \u00d6sterreich \u2013 Verein f\u00fcr k\u00f6rperorientierte Psychotherapie"},"image":{"@id":"https:\/\/neu.hakomi-austria.at\/home\/#\/schema\/logo\/image\/"},"sameAs":["https:\/\/www.facebook.com\/profile.php?id=100078170244385","https:\/\/www.instagram.com\/hakomi_austria\/"]}]}},"_links":{"self":[{"href":"https:\/\/neu.hakomi-austria.at\/home\/wp-json\/wp\/v2\/pages\/166"}],"collection":[{"href":"https:\/\/neu.hakomi-austria.at\/home\/wp-json\/wp\/v2\/pages"}],"about":[{"href":"https:\/\/neu.hakomi-austria.at\/home\/wp-json\/wp\/v2\/types\/page"}],"author":[{"embeddable":true,"href":"https:\/\/neu.hakomi-austria.at\/home\/wp-json\/wp\/v2\/users\/39"}],"replies":[{"embeddable":true,"href":"https:\/\/neu.hakomi-austria.at\/home\/wp-json\/wp\/v2\/comments?post=166"}],"version-history":[{"count":20,"href":"https:\/\/neu.hakomi-austria.at\/home\/wp-json\/wp\/v2\/pages\/166\/revisions"}],"predecessor-version":[{"id":13308,"href":"https:\/\/neu.hakomi-austria.at\/home\/wp-json\/wp\/v2\/pages\/166\/revisions\/13308"}],"wp:attachment":[{"href":"https:\/\/neu.hakomi-austria.at\/home\/wp-json\/wp\/v2\/media?parent=166"}],"curies":[{"name":"wp","href":"https:\/\/api.w.org\/{rel}","templated":true}]}}