{"id":229,"date":"2017-12-25T17:38:57","date_gmt":"2017-12-25T16:38:57","guid":{"rendered":"http:\/\/neu.hakomi-austria.at\/mitgliederbereich\/?page_id=229"},"modified":"2019-03-22T17:14:40","modified_gmt":"2019-03-22T16:14:40","slug":"haeufig-gestellte-fragen","status":"publish","type":"page","link":"https:\/\/neu.hakomi-austria.at\/home\/haeufig-gestellte-fragen\/","title":{"rendered":"H\u00e4ufig gestellte Fragen"},"content":{"rendered":"<div class=\"fusion-fullwidth fullwidth-box fusion-builder-row-1 nonhundred-percent-fullwidth non-hundred-percent-height-scrolling\" style=\"--awb-border-radius-top-left:0px;--awb-border-radius-top-right:0px;--awb-border-radius-bottom-right:0px;--awb-border-radius-bottom-left:0px;\" ><div class=\"fusion-builder-row fusion-row\"><div class=\"fusion-layout-column fusion_builder_column fusion-builder-column-0 fusion_builder_column_1_1 1_1 fusion-one-full fusion-column-first fusion-column-last\" style=\"--awb-bg-size:cover;\"><div class=\"fusion-column-wrapper fusion-flex-column-wrapper-legacy\"><div class=\"accordian fusion-accordian\" style=\"--awb-border-size:1px;--awb-icon-size:13px;--awb-content-font-size:16px;--awb-icon-alignment:left;--awb-hover-color:#f9f9f9;--awb-border-color:#cccccc;--awb-background-color:#ffffff;--awb-divider-color:#e0dede;--awb-divider-hover-color:#e0dede;--awb-icon-color:#ffffff;--awb-title-color:#333333;--awb-content-color:#747474;--awb-icon-box-color:#333333;--awb-toggle-hover-accent-color:#a0ce4e;--awb-title-font-family:&quot;Antic Slab&quot;;--awb-title-font-weight:400;--awb-title-font-style:normal;--awb-title-font-size:15px;--awb-title-line-height:1.5;--awb-content-font-family:&quot;PT Sans&quot;;--awb-content-font-style:normal;--awb-content-font-weight:400;\"><div class=\"panel-group fusion-toggle-icon-boxed\" id=\"accordion-229-1\"><div class=\"fusion-panel panel-default panel-60fb261924aca24b3 fusion-toggle-has-divider\"><div class=\"panel-heading\"><h4 class=\"panel-title toggle\" id=\"toggle_60fb261924aca24b3\"><a aria-expanded=\"false\" aria-controls=\"60fb261924aca24b3\" role=\"button\" data-toggle=\"collapse\" data-parent=\"#accordion-229-1\" data-target=\"#60fb261924aca24b3\" href=\"#60fb261924aca24b3\"><span class=\"fusion-toggle-icon-wrapper\" aria-hidden=\"true\"><i class=\"fa-fusion-box active-icon awb-icon-minus\" aria-hidden=\"true\"><\/i><i class=\"fa-fusion-box inactive-icon awb-icon-plus\" aria-hidden=\"true\"><\/i><\/span><span class=\"fusion-toggle-heading\">Wie komme ich zu einer Ausbildung in der Hakomi-Methode?<\/span><\/a><\/h4><\/div><div id=\"60fb261924aca24b3\" class=\"panel-collapse collapse \" araia-labelledby=\"toggle_60fb261924aca24b3\"><div class=\"panel-body toggle-content fusion-clearfix\">\n<div class=\"technology openlanguage\">Die dreij\u00e4hrige Fortbildung zum HAKOMI-TherapeutIn &#8211; ist das &#8220;Herzst\u00fcck&#8221; des Fortbildungs-Programms des Hakomi Institute of Europe. Es ist f\u00fcr Personen konzipiert, die bereits mit Menschen im therapeutischen &#8211; auch k\u00f6rpertherapeutischen &#8211; oder beratenden Rahmen t\u00e4tig sind und die die HAKOMI K\u00f6rperpsychotherapie Methode in ihre Arbeit integrieren m\u00f6chten.<br \/>\n&#8211; Weitere Informationen \u00fcber die Ausbildung finden Sie <a href=\"http:\/\/neu.hakomi-austria.at\/mitgliederbereich\/ausbildung\/\">hier<\/a> und in der <a href=\"http:\/\/neu.hakomi-austria.at\/wp-content\/uploads\/2017\/12\/fobi_brosch-re_08.2014_web.pdf\" target=\"_blank\" rel=\"noopener noreferrer\">aktuellen Brosch\u00fcre<\/a><\/div>\n<\/div><\/div><\/div><div class=\"fusion-panel panel-default panel-0b1909d2094ab4726 fusion-toggle-has-divider\"><div class=\"panel-heading\"><h4 class=\"panel-title toggle\" id=\"toggle_0b1909d2094ab4726\"><a aria-expanded=\"false\" aria-controls=\"0b1909d2094ab4726\" role=\"button\" data-toggle=\"collapse\" data-parent=\"#accordion-229-1\" data-target=\"#0b1909d2094ab4726\" href=\"#0b1909d2094ab4726\"><span class=\"fusion-toggle-icon-wrapper\" aria-hidden=\"true\"><i class=\"fa-fusion-box active-icon awb-icon-minus\" aria-hidden=\"true\"><\/i><i class=\"fa-fusion-box inactive-icon awb-icon-plus\" aria-hidden=\"true\"><\/i><\/span><span class=\"fusion-toggle-heading\">Welche Voraussetzungen ben\u00f6tigt man f\u00fcr die Ausbildung?<\/span><\/a><\/h4><\/div><div id=\"0b1909d2094ab4726\" class=\"panel-collapse collapse \" araia-labelledby=\"toggle_0b1909d2094ab4726\"><div class=\"panel-body toggle-content fusion-clearfix\">\n<div class=\"technology openlanguage\">In der Regel wird vorausgesetzt, dass die Lernenden einen Arbeitsbereich haben, in dem sie therapeutisch mit einzelnen Personen arbeiten oder sich einen solchen schaffen k\u00f6nnen. Im Einzelfall empfehlen wir die R\u00fccksprache mit den jeweiligen TrainerInnen. Ausreichende Erfahrung in Eigentherapie, die wir auch ausbildungsbegleitend empfehlen, macht den Lernprozess wesentlich effizienter.<br \/>\nEine weitere Voraussetzung ist in der Regel die Teilnahme an zwei HAKOMI Processing-Workshops unter Leitung der TrainerInnen der jeweiligen Fortbildung. Dies soll erste Erfahrungen mit der HAKOMI Methode sowie das gegenseitige Kennenlernen der Fortbildungs-InteressentInnen und TrainerInnen erm\u00f6glichen.<\/div>\n<div class=\"technology openlanguage\"><\/div>\n<\/div><\/div><\/div><div class=\"fusion-panel panel-default panel-db8cfaef9f90dda80 fusion-toggle-has-divider\"><div class=\"panel-heading\"><h4 class=\"panel-title toggle\" id=\"toggle_db8cfaef9f90dda80\"><a aria-expanded=\"false\" aria-controls=\"db8cfaef9f90dda80\" role=\"button\" data-toggle=\"collapse\" data-parent=\"#accordion-229-1\" data-target=\"#db8cfaef9f90dda80\" href=\"#db8cfaef9f90dda80\"><span class=\"fusion-toggle-icon-wrapper\" aria-hidden=\"true\"><i class=\"fa-fusion-box active-icon awb-icon-minus\" aria-hidden=\"true\"><\/i><i class=\"fa-fusion-box inactive-icon awb-icon-plus\" aria-hidden=\"true\"><\/i><\/span><span class=\"fusion-toggle-heading\">Wo und wie bewerbe ich mich f\u00fcr die Ausbildung?<\/span><\/a><\/h4><\/div><div id=\"db8cfaef9f90dda80\" class=\"panel-collapse collapse \" araia-labelledby=\"toggle_db8cfaef9f90dda80\"><div class=\"panel-body toggle-content fusion-clearfix\">\n<div class=\"technology openlanguage\">F\u00fcr die Bewerbung gibt es ein standardisiertes Verfahren, das Fragen an die BewerberIn enth\u00e4lt und \u00fcber Fristen sowie die einzelnen Bewerbungsschritte informiert. Bitte fordern Sie diesen \u201eBewerbungsfahrplan\u201c f\u00fcr den von Ihnen gew\u00fcnschten Fortbildungsort im <a href=\"http:\/\/www.hakomi.de\/\" target=\"_blank\" rel=\"noopener noreferrer\">HAKOMI Institute of Europe e.V.<\/a> an.<br \/>\n\u00dcber die Aufnahme in eine Fortbildungsgruppe entscheidet der HAKOMI Fortbildungsausschuss. Danach kommt es zum Abschluss eines Fortbildungsvertrages. Er regelt die \u00e4u\u00dferen Bedingungen der Fortbildung und setzt die Teilnahme am kompletten Training verbindlich voraus, d.h. er kann nach Abschluss nicht gek\u00fcndigt werden.<\/div>\n<\/div><\/div><\/div><div class=\"fusion-panel panel-default panel-c5afb8ee93d5f3d9f fusion-toggle-has-divider\"><div class=\"panel-heading\"><h4 class=\"panel-title toggle\" id=\"toggle_c5afb8ee93d5f3d9f\"><a aria-expanded=\"false\" aria-controls=\"c5afb8ee93d5f3d9f\" role=\"button\" data-toggle=\"collapse\" data-parent=\"#accordion-229-1\" data-target=\"#c5afb8ee93d5f3d9f\" href=\"#c5afb8ee93d5f3d9f\"><span class=\"fusion-toggle-icon-wrapper\" aria-hidden=\"true\"><i class=\"fa-fusion-box active-icon awb-icon-minus\" aria-hidden=\"true\"><\/i><i class=\"fa-fusion-box inactive-icon awb-icon-plus\" aria-hidden=\"true\"><\/i><\/span><span class=\"fusion-toggle-heading\">Wie kann ich die Hakomi-Methode kennen lernen?<\/span><\/a><\/h4><\/div><div id=\"c5afb8ee93d5f3d9f\" class=\"panel-collapse collapse \" araia-labelledby=\"toggle_c5afb8ee93d5f3d9f\"><div class=\"panel-body toggle-content fusion-clearfix\">\n<div class=\"technology openlanguage\">Entweder in Einzelsitzungen bei Hakomi-TherapeutInnen (<a href=\"http:\/\/neu.hakomi-austria.at\/mitgliederbereich\/therapeutinnen-seite-fuer-klienten\/\">siehe Liste<\/a>) oder in einem so genannten &#8220;Hakomi Processing Workshop&#8221; (siehe n\u00e4chsten Punkt)<\/div>\n<\/div><\/div><\/div><div class=\"fusion-panel panel-default panel-fa4f3d47d0b7ed44c fusion-toggle-has-divider\"><div class=\"panel-heading\"><h4 class=\"panel-title toggle\" id=\"toggle_fa4f3d47d0b7ed44c\"><a aria-expanded=\"false\" aria-controls=\"fa4f3d47d0b7ed44c\" role=\"button\" data-toggle=\"collapse\" data-parent=\"#accordion-229-1\" data-target=\"#fa4f3d47d0b7ed44c\" href=\"#fa4f3d47d0b7ed44c\"><span class=\"fusion-toggle-icon-wrapper\" aria-hidden=\"true\"><i class=\"fa-fusion-box active-icon awb-icon-minus\" aria-hidden=\"true\"><\/i><i class=\"fa-fusion-box inactive-icon awb-icon-plus\" aria-hidden=\"true\"><\/i><\/span><span class=\"fusion-toggle-heading\">Was sind Hakomi Processing Workshops?<\/span><\/a><\/h4><\/div><div id=\"fa4f3d47d0b7ed44c\" class=\"panel-collapse collapse \" araia-labelledby=\"toggle_fa4f3d47d0b7ed44c\"><div class=\"panel-body toggle-content fusion-clearfix\">\n<div class=\"technology openlanguage\">\n<p>.. die ersten und kleinsten Bausteine zum Kennenlernen von HAKOMI. Jeder, der sich f\u00fcr die Methode interessiert, kann daran teilnehmen. HAKOMI Processings haben zwei parallele Ziele: Zum einen werden den TeilnehmerInnen grundlegende Aspekte der HAKOMI\u00ae-Methode anhand von Praxis und Theorie nahe gebracht. Zum anderen k\u00f6nnen die Teilnehmer wichtige Erfahrungen sammeln, die pers\u00f6nliches Wachstum und Bewusstheit f\u00f6rdern. Im Workshop nehmen wir uns Zeit f\u00fcr uns selbst und wenden uns dem HAKOMI\u00ae-Kernthema zu: &#8220;Wer bin ich?&#8221;Immer an das gegenw\u00e4rtige Erleben angekoppelt, kann der K\u00f6rper uns die Geschichten nicht-bewusster innerer Wahrheiten erz\u00e4hlen. Mit Hilfe achtsamer Selbsterforschung versuchen wir, zu erfahren und zu verstehen, wie wir uns aus unserer Tiefe heraus selbst organisieren: durch unseren K\u00f6rper, unsere Gef\u00fchle und Gedanken, durch innere Bilder und Symbole. Einzeln, zu zweit und in Gruppen untersuchen wir im Zustand der inneren Achtsamkeit die Organisationsmuster des K\u00f6rpers und wie er aktiv und kreativ zu unserem Schutz beitr\u00e4gt und unseren pers\u00f6nlichen Lebensstil abbildet. Oft gibt es Situationen, in denen wir tiefe Gef\u00fchle ber\u00fchren oder Aspekte des inneren Kindes erforschen k\u00f6nnen, das ganz von allein in uns auftaucht, wenn es sich sicher f\u00fchlt.<\/p>\n<p>Der typische Rahmen der HAKOMI\u00ae-Methode entsteht durch eine einladende und annehmende Atmosph\u00e4re, sowie durch viele unserer besonderen, oft den K\u00f6rper einbeziehenden Techniken und \u00dcbungen zur Selbsterkundung. Das Erleben der TeilnehmerInnen einbeziehend, entwickeln die WorkshopleiterInnen in kleinen Vortr\u00e4gen und Gespr\u00e4chen die Leitlinien unseres therapeutischen Vorgehens und erl\u00e4utern, wie wichtige Grunds\u00e4tze und Techniken der HAKOMI\u00ae-Methode auf die Einzeltherapie angewendet werden. So gehen die pers\u00f6nliche Erfahrung und das Lernen \u00fcber die Methode Hand in Hand und st\u00e4rken sich gegenseitig.<\/p>\n<p><span lang=\"DE-AT\">Dar\u00fcber hinaus schafft ein Workshop die Gelegenheit, die TrainerInnen kennen zu lernen und mit ihnen Fragen bez\u00fcglich der verschiedenen Trainings und Fortbildungen zu besprechen. Hakomi Processings dauern in der Regel drei Tage und <\/span><span lang=\"DE-AT\">werden <\/span><span lang=\"DE-AT\">in Wien, Innsbruck, Klagenfurt und Linz\u00a0 und vielen St\u00e4dten Deutschlands<\/span><span lang=\"DE-AT\">angeboten<\/span><span lang=\"DE-AT\">. <\/span><span lang=\"DE-AT\">Die Teilnahmegeb\u00fchr betr\u00e4gt <\/span><span lang=\"DE-AT\">EUR 280,00 (250,00 Fr\u00fchbucher, acht Wochen vor Termin).<\/span><\/p>\n<p>Die Termine f\u00fcr \u00d6sterreich und die n\u00e4here Umgebung finden Sie <a href=\"http:\/\/neu.hakomi-austria.at\/mitgliederbereich\/kalender\/\">hier<\/a>.<\/p>\n<\/div>\n<\/div><\/div><\/div><div class=\"fusion-panel panel-default panel-df161994a90077044 fusion-toggle-has-divider\"><div class=\"panel-heading\"><h4 class=\"panel-title toggle\" id=\"toggle_df161994a90077044\"><a aria-expanded=\"false\" aria-controls=\"df161994a90077044\" role=\"button\" data-toggle=\"collapse\" data-parent=\"#accordion-229-1\" data-target=\"#df161994a90077044\" href=\"#df161994a90077044\"><span class=\"fusion-toggle-icon-wrapper\" aria-hidden=\"true\"><i class=\"fa-fusion-box active-icon awb-icon-minus\" aria-hidden=\"true\"><\/i><i class=\"fa-fusion-box inactive-icon awb-icon-plus\" aria-hidden=\"true\"><\/i><\/span><span class=\"fusion-toggle-heading\">Warum ist die Hakomi-Methode in \u00d6sterreich noch nicht anerkannt?<\/span><\/a><\/h4><\/div><div id=\"df161994a90077044\" class=\"panel-collapse collapse \" araia-labelledby=\"toggle_df161994a90077044\"><div class=\"panel-body toggle-content fusion-clearfix\">\n<div class=\"technology openlanguage\">\n<p>In \u00d6sterreich z\u00e4hlt die HAKOMI-Methode derzeit noch nicht zu einem der staatlich anerkannten psychotherapeutischen Verfahren. Diese juristische Tatsache sagt jedoch nichts \u00fcber die Wirksamkeit der Methode und die Qualit\u00e4t der Ausbildung aus. Das 1991 in Kraft getretene Psychotherapiegesetz \u2013 (Bundesgesetz \u00fcber die Aus\u00fcbung der Psychotherapie) \u2013 regelt die Aus\u00fcbung der Psychotherapie in \u00d6sterreich. Es wurde von den Vertretern der damals etablierten Methoden erarbeitet. Neuere Methoden m\u00fcssen hohe Auflagen erf\u00fcllen, die unter anderem hohe personelle Ressourcen und einen beachtlichen Zeitraum beanspruchen. Der Verein Hakomi \u00d6sterreich engagiert sich f\u00fcr das Erlangen dieser Voraussetzungen.<\/p>\n<p>HAKOMI\u00ae ist als Psychotherapiemethode anerkannt von: Deutsche Gesellschaft f\u00fcr K\u00f6rperpsychotherapie, sowie European Association of Psychotherapy (als wissenschaftlich begr\u00fcndetes Verfahren und Ausbildungsgrundlage f\u00fcr das European Certificate of Psychotherapy). Die HAKOMI\u00ae Methode wurde in ihren Grundlagen in den 1970er Jahren von Ron Kurtz in den USA entwickelt, und wird seit 1982 in Deutschland bzw. seit 2005 in \u00d6sterreich gelehrt. Im deutschsprachigen Raum sind derzeit ca. 750 Personen als HAKOMI-TherapeutInnen t\u00e4tig.<\/p>\n<\/div>\n<\/div><\/div><\/div><\/div><\/div><div class=\"fusion-clearfix\"><\/div><\/div><\/div><\/div><\/div>\n","protected":false},"excerpt":{"rendered":"","protected":false},"author":39,"featured_media":0,"parent":0,"menu_order":0,"comment_status":"closed","ping_status":"closed","template":"","meta":[],"yoast_head":"<!-- This site is optimized with the Yoast SEO plugin v20.3 - https:\/\/yoast.com\/wordpress\/plugins\/seo\/ -->\n<title>H\u00e4ufig gestellte Fragen - Hakomi-\u00d6sterreich<\/title>\n<meta name=\"robots\" content=\"index, follow, max-snippet:-1, max-image-preview:large, max-video-preview:-1\" \/>\n<link rel=\"canonical\" href=\"https:\/\/neu.hakomi-austria.at\/home\/haeufig-gestellte-fragen\/\" \/>\n<meta property=\"og:locale\" content=\"de_DE\" \/>\n<meta property=\"og:type\" content=\"article\" \/>\n<meta property=\"og:title\" content=\"H\u00e4ufig gestellte Fragen - Hakomi-\u00d6sterreich\" \/>\n<meta property=\"og:url\" content=\"https:\/\/neu.hakomi-austria.at\/home\/haeufig-gestellte-fragen\/\" \/>\n<meta property=\"og:site_name\" content=\"Hakomi-\u00d6sterreich\" \/>\n<meta property=\"article:publisher\" content=\"https:\/\/www.facebook.com\/profile.php?id=100078170244385\" \/>\n<meta property=\"article:modified_time\" content=\"2019-03-22T16:14:40+00:00\" \/>\n<meta property=\"og:image\" content=\"https:\/\/neu.hakomi-austria.at\/wp-content\/uploads\/2017\/12\/HAKOMI-\u00d6sterreich-Logo-2016-RGB-150h.jpg\" \/>\n\t<meta property=\"og:image:width\" content=\"662\" \/>\n\t<meta property=\"og:image:height\" content=\"150\" \/>\n\t<meta property=\"og:image:type\" content=\"image\/jpeg\" \/>\n<meta name=\"twitter:card\" content=\"summary_large_image\" \/>\n<meta name=\"twitter:label1\" content=\"Gesch\u00e4tzte Lesezeit\" \/>\n\t<meta name=\"twitter:data1\" content=\"5\u00a0Minuten\" \/>\n<script type=\"application\/ld+json\" class=\"yoast-schema-graph\">{\"@context\":\"https:\/\/schema.org\",\"@graph\":[{\"@type\":\"WebPage\",\"@id\":\"https:\/\/neu.hakomi-austria.at\/home\/haeufig-gestellte-fragen\/\",\"url\":\"https:\/\/neu.hakomi-austria.at\/home\/haeufig-gestellte-fragen\/\",\"name\":\"H\u00e4ufig gestellte Fragen - Hakomi-\u00d6sterreich\",\"isPartOf\":{\"@id\":\"https:\/\/neu.hakomi-austria.at\/home\/#website\"},\"datePublished\":\"2017-12-25T16:38:57+00:00\",\"dateModified\":\"2019-03-22T16:14:40+00:00\",\"breadcrumb\":{\"@id\":\"https:\/\/neu.hakomi-austria.at\/home\/haeufig-gestellte-fragen\/#breadcrumb\"},\"inLanguage\":\"de\",\"potentialAction\":[{\"@type\":\"ReadAction\",\"target\":[\"https:\/\/neu.hakomi-austria.at\/home\/haeufig-gestellte-fragen\/\"]}]},{\"@type\":\"BreadcrumbList\",\"@id\":\"https:\/\/neu.hakomi-austria.at\/home\/haeufig-gestellte-fragen\/#breadcrumb\",\"itemListElement\":[{\"@type\":\"ListItem\",\"position\":1,\"name\":\"Startseite\",\"item\":\"https:\/\/neu.hakomi-austria.at\/home\/\"},{\"@type\":\"ListItem\",\"position\":2,\"name\":\"H\u00e4ufig gestellte Fragen\"}]},{\"@type\":\"WebSite\",\"@id\":\"https:\/\/neu.hakomi-austria.at\/home\/#website\",\"url\":\"https:\/\/neu.hakomi-austria.at\/home\/\",\"name\":\"Hakomi \u00d6sterreich\",\"description\":\"Verein f\u00fcr k\u00f6rperorientierte Psychotherapie\",\"publisher\":{\"@id\":\"https:\/\/neu.hakomi-austria.at\/home\/#organization\"},\"alternateName\":\"\u00d6sterreich: Hakomi Therapie und Hakomi Therapeuten und Therapeutinnen\",\"potentialAction\":[{\"@type\":\"SearchAction\",\"target\":{\"@type\":\"EntryPoint\",\"urlTemplate\":\"https:\/\/neu.hakomi-austria.at\/home\/?s={search_term_string}\"},\"query-input\":\"required name=search_term_string\"}],\"inLanguage\":\"de\"},{\"@type\":\"Organization\",\"@id\":\"https:\/\/neu.hakomi-austria.at\/home\/#organization\",\"name\":\"Hakomi \u00d6sterreich \u2013 Verein f\u00fcr k\u00f6rperorientierte Psychotherapie\",\"url\":\"https:\/\/neu.hakomi-austria.at\/home\/\",\"logo\":{\"@type\":\"ImageObject\",\"inLanguage\":\"de\",\"@id\":\"https:\/\/neu.hakomi-austria.at\/home\/#\/schema\/logo\/image\/\",\"url\":\"https:\/\/neu.hakomi-austria.at\/wp-content\/uploads\/2017\/12\/HAKOMI-\u00d6sterreich-Logo-2016-RGB-150h.jpg\",\"contentUrl\":\"https:\/\/neu.hakomi-austria.at\/wp-content\/uploads\/2017\/12\/HAKOMI-\u00d6sterreich-Logo-2016-RGB-150h.jpg\",\"width\":662,\"height\":150,\"caption\":\"Hakomi \u00d6sterreich \u2013 Verein f\u00fcr k\u00f6rperorientierte Psychotherapie\"},\"image\":{\"@id\":\"https:\/\/neu.hakomi-austria.at\/home\/#\/schema\/logo\/image\/\"},\"sameAs\":[\"https:\/\/www.facebook.com\/profile.php?id=100078170244385\",\"https:\/\/www.instagram.com\/hakomi_austria\/\"]}]}<\/script>\n<!-- \/ Yoast SEO plugin. -->","yoast_head_json":{"title":"H\u00e4ufig gestellte Fragen - Hakomi-\u00d6sterreich","robots":{"index":"index","follow":"follow","max-snippet":"max-snippet:-1","max-image-preview":"max-image-preview:large","max-video-preview":"max-video-preview:-1"},"canonical":"https:\/\/neu.hakomi-austria.at\/home\/haeufig-gestellte-fragen\/","og_locale":"de_DE","og_type":"article","og_title":"H\u00e4ufig gestellte Fragen - Hakomi-\u00d6sterreich","og_url":"https:\/\/neu.hakomi-austria.at\/home\/haeufig-gestellte-fragen\/","og_site_name":"Hakomi-\u00d6sterreich","article_publisher":"https:\/\/www.facebook.com\/profile.php?id=100078170244385","article_modified_time":"2019-03-22T16:14:40+00:00","og_image":[{"width":662,"height":150,"url":"https:\/\/neu.hakomi-austria.at\/wp-content\/uploads\/2017\/12\/HAKOMI-\u00d6sterreich-Logo-2016-RGB-150h.jpg","type":"image\/jpeg"}],"twitter_card":"summary_large_image","twitter_misc":{"Gesch\u00e4tzte Lesezeit":"5\u00a0Minuten"},"schema":{"@context":"https:\/\/schema.org","@graph":[{"@type":"WebPage","@id":"https:\/\/neu.hakomi-austria.at\/home\/haeufig-gestellte-fragen\/","url":"https:\/\/neu.hakomi-austria.at\/home\/haeufig-gestellte-fragen\/","name":"H\u00e4ufig gestellte Fragen - Hakomi-\u00d6sterreich","isPartOf":{"@id":"https:\/\/neu.hakomi-austria.at\/home\/#website"},"datePublished":"2017-12-25T16:38:57+00:00","dateModified":"2019-03-22T16:14:40+00:00","breadcrumb":{"@id":"https:\/\/neu.hakomi-austria.at\/home\/haeufig-gestellte-fragen\/#breadcrumb"},"inLanguage":"de","potentialAction":[{"@type":"ReadAction","target":["https:\/\/neu.hakomi-austria.at\/home\/haeufig-gestellte-fragen\/"]}]},{"@type":"BreadcrumbList","@id":"https:\/\/neu.hakomi-austria.at\/home\/haeufig-gestellte-fragen\/#breadcrumb","itemListElement":[{"@type":"ListItem","position":1,"name":"Startseite","item":"https:\/\/neu.hakomi-austria.at\/home\/"},{"@type":"ListItem","position":2,"name":"H\u00e4ufig gestellte Fragen"}]},{"@type":"WebSite","@id":"https:\/\/neu.hakomi-austria.at\/home\/#website","url":"https:\/\/neu.hakomi-austria.at\/home\/","name":"Hakomi \u00d6sterreich","description":"Verein f\u00fcr k\u00f6rperorientierte Psychotherapie","publisher":{"@id":"https:\/\/neu.hakomi-austria.at\/home\/#organization"},"alternateName":"\u00d6sterreich: Hakomi Therapie und Hakomi Therapeuten und Therapeutinnen","potentialAction":[{"@type":"SearchAction","target":{"@type":"EntryPoint","urlTemplate":"https:\/\/neu.hakomi-austria.at\/home\/?s={search_term_string}"},"query-input":"required name=search_term_string"}],"inLanguage":"de"},{"@type":"Organization","@id":"https:\/\/neu.hakomi-austria.at\/home\/#organization","name":"Hakomi \u00d6sterreich \u2013 Verein f\u00fcr k\u00f6rperorientierte Psychotherapie","url":"https:\/\/neu.hakomi-austria.at\/home\/","logo":{"@type":"ImageObject","inLanguage":"de","@id":"https:\/\/neu.hakomi-austria.at\/home\/#\/schema\/logo\/image\/","url":"https:\/\/neu.hakomi-austria.at\/wp-content\/uploads\/2017\/12\/HAKOMI-\u00d6sterreich-Logo-2016-RGB-150h.jpg","contentUrl":"https:\/\/neu.hakomi-austria.at\/wp-content\/uploads\/2017\/12\/HAKOMI-\u00d6sterreich-Logo-2016-RGB-150h.jpg","width":662,"height":150,"caption":"Hakomi \u00d6sterreich \u2013 Verein f\u00fcr k\u00f6rperorientierte Psychotherapie"},"image":{"@id":"https:\/\/neu.hakomi-austria.at\/home\/#\/schema\/logo\/image\/"},"sameAs":["https:\/\/www.facebook.com\/profile.php?id=100078170244385","https:\/\/www.instagram.com\/hakomi_austria\/"]}]}},"_links":{"self":[{"href":"https:\/\/neu.hakomi-austria.at\/home\/wp-json\/wp\/v2\/pages\/229"}],"collection":[{"href":"https:\/\/neu.hakomi-austria.at\/home\/wp-json\/wp\/v2\/pages"}],"about":[{"href":"https:\/\/neu.hakomi-austria.at\/home\/wp-json\/wp\/v2\/types\/page"}],"author":[{"embeddable":true,"href":"https:\/\/neu.hakomi-austria.at\/home\/wp-json\/wp\/v2\/users\/39"}],"replies":[{"embeddable":true,"href":"https:\/\/neu.hakomi-austria.at\/home\/wp-json\/wp\/v2\/comments?post=229"}],"version-history":[{"count":2,"href":"https:\/\/neu.hakomi-austria.at\/home\/wp-json\/wp\/v2\/pages\/229\/revisions"}],"predecessor-version":[{"id":537,"href":"https:\/\/neu.hakomi-austria.at\/home\/wp-json\/wp\/v2\/pages\/229\/revisions\/537"}],"wp:attachment":[{"href":"https:\/\/neu.hakomi-austria.at\/home\/wp-json\/wp\/v2\/media?parent=229"}],"curies":[{"name":"wp","href":"https:\/\/api.w.org\/{rel}","templated":true}]}}