{"id":39,"date":"2017-12-23T15:24:13","date_gmt":"2017-12-23T14:24:13","guid":{"rendered":"http:\/\/neu.hakomi-austria.at\/mitgliederbereich\/?page_id=39"},"modified":"2022-06-29T09:54:35","modified_gmt":"2022-06-29T07:54:35","slug":"kolleginnen","status":"publish","type":"page","link":"https:\/\/neu.hakomi-austria.at\/home\/mitgliederbereich\/kolleginnen\/","title":{"rendered":"KollegInnen"},"content":{"rendered":"<div class=\"members-access-error\">\n<p style=\"text-align: center\">Dieser Bereich ist nur f\u00fcr Mitglieder von Hakomi-\u00d6sterreich zug\u00e4nglich.<\/p>\n<p style=\"text-align: center\"><a><div class=\"cleanlogin-container\">\t\t\n\n\t<form class=\"cleanlogin-form\" method=\"post\" action=\"http:\/\/neu.hakomi-austria.at\/home\/?page_id=13226\">\n\t\t\t\n\t\t<fieldset>\n\t\t\t<div class=\"cleanlogin-field\">\n\t\t\t\t<input class=\"cleanlogin-field-username\" type=\"text\" name=\"log\" placeholder=\"Benutzername\">\n\t\t\t<\/div>\n\t\t\t\n\t\t\t<div class=\"cleanlogin-field\">\n\t\t\t\t<input class=\"cleanlogin-field-password\" type=\"password\" name=\"pwd\" placeholder=\"Passwort\">\n\t\t\t<\/div>\n\t\t<\/fieldset>\n\t\t\n\t\t<fieldset>\n\t\t\t<input class=\"cleanlogin-field\" type=\"submit\" value=\"Anmelden\" name=\"submit\">\n\t\t\t<input type=\"hidden\" name=\"action\" value=\"login\">\n\t\t\t\n\t\t\t<div class=\"cleanlogin-field cleanlogin-field-remember\">\n\t\t\t\t<input type=\"checkbox\" name=\"rememberme\" value=\"forever\">\n\t\t\t\t<label>Daten merken?<\/label>\n\t\t\t<\/div>\n\t\t<\/fieldset>\n\t\t\n\t\t\n\t\t<div class=\"cleanlogin-form-bottom\">\n\t\t\t\n\t\t\t<a href='http:\/\/neu.hakomi-austria.at\/mitgliederbereich\/startseite\/' class='cleanlogin-form-pwd-link'>Passwort vergessen?<\/a>\n\t\t\t\t\t\t\t\t\t\n\t\t<\/div>\n\t\t\n\t<\/form>\n\n<\/div>\n<\/a><\/p>\n<p style=\"text-align: center\"><a href=\"mailto:info@hakomi-austria.at\">Zugangsdaten vergessen?<br \/>\nSende uns eine Email mit diesem Link, und Du erh\u00e4ltst neue Zugangsdaten.<br \/>\nDa dieser Prozess nicht automatisiert ist, bitten wir um ein wenig Geduld<\/a>.<\/p>\n<\/div>\n","protected":false},"excerpt":{"rendered":"<div class=\"members-access-error\">\n<p style=\"text-align: center\">Dieser Bereich ist nur f\u00fcr Mitglieder von Hakomi-\u00d6sterreich zug\u00e4nglich.<\/p>\n<p style=\"text-align: center\"><a><div class=\"cleanlogin-container\">\t\t\n\n\t<form class=\"cleanlogin-form\" method=\"post\" action=\"http:\/\/neu.hakomi-austria.at\/home\/?page_id=13226\">\n\t\t\t\n\t\t<fieldset>\n\t\t\t<div class=\"cleanlogin-field\">\n\t\t\t\t<input class=\"cleanlogin-field-username\" type=\"text\" name=\"log\" placeholder=\"Benutzername\">\n\t\t\t<\/div>\n\t\t\t\n\t\t\t<div class=\"cleanlogin-field\">\n\t\t\t\t<input class=\"cleanlogin-field-password\" type=\"password\" name=\"pwd\" placeholder=\"Passwort\">\n\t\t\t<\/div>\n\t\t<\/fieldset>\n\t\t\n\t\t<fieldset>\n\t\t\t<input class=\"cleanlogin-field\" type=\"submit\" value=\"Anmelden\" name=\"submit\">\n\t\t\t<input type=\"hidden\" name=\"action\" value=\"login\">\n\t\t\t\n\t\t\t<div class=\"cleanlogin-field cleanlogin-field-remember\">\n\t\t\t\t<input type=\"checkbox\" name=\"rememberme\" value=\"forever\">\n\t\t\t\t<label>Daten merken?<\/label>\n\t\t\t<\/div>\n\t\t<\/fieldset>\n\t\t\n\t\t\n\t\t<div class=\"cleanlogin-form-bottom\">\n\t\t\t\n\t\t\t<a href='http:\/\/neu.hakomi-austria.at\/mitgliederbereich\/startseite\/' class='cleanlogin-form-pwd-link'>Passwort vergessen?<\/a>\n\t\t\t\t\t\t\t\t\t\n\t\t<\/div>\n\t\t\n\t<\/form>\n\n<\/div>\n<\/a><\/p>\n<p style=\"text-align: center\"><a href=\"mailto:info@hakomi-austria.at\">Zugangsdaten vergessen?<br \/>\nSende uns eine Email mit diesem Link, und Du erh\u00e4ltst neue Zugangsdaten.<br \/>\nDa dieser Prozess nicht automatisiert ist, bitten wir um ein wenig Geduld<\/a>.<\/p>\n<\/div>\n","protected":false},"author":39,"featured_media":0,"parent":2,"menu_order":0,"comment_status":"closed","ping_status":"closed","template":"","meta":[],"yoast_head":"<!-- This site is optimized with the Yoast SEO plugin v20.3 - https:\/\/yoast.com\/wordpress\/plugins\/seo\/ -->\n<title>KollegInnen - Hakomi-\u00d6sterreich<\/title>\n<meta name=\"robots\" content=\"index, follow, max-snippet:-1, max-image-preview:large, max-video-preview:-1\" \/>\n<link rel=\"canonical\" href=\"https:\/\/neu.hakomi-austria.at\/home\/mitgliederbereich\/kolleginnen\/\" \/>\n<meta property=\"og:locale\" content=\"de_DE\" \/>\n<meta property=\"og:type\" content=\"article\" \/>\n<meta property=\"og:title\" content=\"KollegInnen - Hakomi-\u00d6sterreich\" \/>\n<meta property=\"og:description\" content=\"Dieser Bereich ist nur f\u00fcr Mitglieder von Hakomi-\u00d6sterreich zug\u00e4nglich.                                       Daten merken?            Passwort vergessen?           Zugangsdaten vergessen? Sende uns eine Email mit diesem Link, und Du erh\u00e4ltst neue Zugangsdaten. Da dieser Prozess nicht automatisiert ist, bitten wir um ein wenig Geduld.\" \/>\n<meta property=\"og:url\" content=\"https:\/\/neu.hakomi-austria.at\/home\/mitgliederbereich\/kolleginnen\/\" \/>\n<meta property=\"og:site_name\" content=\"Hakomi-\u00d6sterreich\" \/>\n<meta property=\"article:publisher\" content=\"https:\/\/www.facebook.com\/profile.php?id=100078170244385\" \/>\n<meta property=\"article:modified_time\" content=\"2022-06-29T07:54:35+00:00\" \/>\n<meta property=\"og:image\" content=\"https:\/\/neu.hakomi-austria.at\/wp-content\/uploads\/2017\/12\/HAKOMI-\u00d6sterreich-Logo-2016-RGB-150h.jpg\" \/>\n\t<meta property=\"og:image:width\" content=\"662\" \/>\n\t<meta property=\"og:image:height\" content=\"150\" \/>\n\t<meta property=\"og:image:type\" content=\"image\/jpeg\" \/>\n<meta name=\"twitter:card\" content=\"summary_large_image\" \/>\n<meta name=\"twitter:label1\" content=\"Gesch\u00e4tzte Lesezeit\" \/>\n\t<meta name=\"twitter:data1\" content=\"1\u00a0Minute\" \/>\n<script type=\"application\/ld+json\" class=\"yoast-schema-graph\">{\"@context\":\"https:\/\/schema.org\",\"@graph\":[{\"@type\":\"WebPage\",\"@id\":\"https:\/\/neu.hakomi-austria.at\/home\/mitgliederbereich\/kolleginnen\/\",\"url\":\"https:\/\/neu.hakomi-austria.at\/home\/mitgliederbereich\/kolleginnen\/\",\"name\":\"KollegInnen - Hakomi-\u00d6sterreich\",\"isPartOf\":{\"@id\":\"https:\/\/neu.hakomi-austria.at\/home\/#website\"},\"datePublished\":\"2017-12-23T14:24:13+00:00\",\"dateModified\":\"2022-06-29T07:54:35+00:00\",\"breadcrumb\":{\"@id\":\"https:\/\/neu.hakomi-austria.at\/home\/mitgliederbereich\/kolleginnen\/#breadcrumb\"},\"inLanguage\":\"de\",\"potentialAction\":[{\"@type\":\"ReadAction\",\"target\":[\"https:\/\/neu.hakomi-austria.at\/home\/mitgliederbereich\/kolleginnen\/\"]}]},{\"@type\":\"BreadcrumbList\",\"@id\":\"https:\/\/neu.hakomi-austria.at\/home\/mitgliederbereich\/kolleginnen\/#breadcrumb\",\"itemListElement\":[{\"@type\":\"ListItem\",\"position\":1,\"name\":\"Startseite\",\"item\":\"https:\/\/neu.hakomi-austria.at\/home\/\"},{\"@type\":\"ListItem\",\"position\":2,\"name\":\"Mitgliederbereich\",\"item\":\"https:\/\/neu.hakomi-austria.at\/home\/mitgliederbereich\/\"},{\"@type\":\"ListItem\",\"position\":3,\"name\":\"KollegInnen\"}]},{\"@type\":\"WebSite\",\"@id\":\"https:\/\/neu.hakomi-austria.at\/home\/#website\",\"url\":\"https:\/\/neu.hakomi-austria.at\/home\/\",\"name\":\"Hakomi \u00d6sterreich\",\"description\":\"Verein f\u00fcr k\u00f6rperorientierte Psychotherapie\",\"publisher\":{\"@id\":\"https:\/\/neu.hakomi-austria.at\/home\/#organization\"},\"alternateName\":\"\u00d6sterreich: Hakomi Therapie und Hakomi Therapeuten und Therapeutinnen\",\"potentialAction\":[{\"@type\":\"SearchAction\",\"target\":{\"@type\":\"EntryPoint\",\"urlTemplate\":\"https:\/\/neu.hakomi-austria.at\/home\/?s={search_term_string}\"},\"query-input\":\"required name=search_term_string\"}],\"inLanguage\":\"de\"},{\"@type\":\"Organization\",\"@id\":\"https:\/\/neu.hakomi-austria.at\/home\/#organization\",\"name\":\"Hakomi \u00d6sterreich \u2013 Verein f\u00fcr k\u00f6rperorientierte Psychotherapie\",\"url\":\"https:\/\/neu.hakomi-austria.at\/home\/\",\"logo\":{\"@type\":\"ImageObject\",\"inLanguage\":\"de\",\"@id\":\"https:\/\/neu.hakomi-austria.at\/home\/#\/schema\/logo\/image\/\",\"url\":\"https:\/\/neu.hakomi-austria.at\/wp-content\/uploads\/2017\/12\/HAKOMI-\u00d6sterreich-Logo-2016-RGB-150h.jpg\",\"contentUrl\":\"https:\/\/neu.hakomi-austria.at\/wp-content\/uploads\/2017\/12\/HAKOMI-\u00d6sterreich-Logo-2016-RGB-150h.jpg\",\"width\":662,\"height\":150,\"caption\":\"Hakomi \u00d6sterreich \u2013 Verein f\u00fcr k\u00f6rperorientierte Psychotherapie\"},\"image\":{\"@id\":\"https:\/\/neu.hakomi-austria.at\/home\/#\/schema\/logo\/image\/\"},\"sameAs\":[\"https:\/\/www.facebook.com\/profile.php?id=100078170244385\",\"https:\/\/www.instagram.com\/hakomi_austria\/\"]}]}<\/script>\n<!-- \/ Yoast SEO plugin. -->","yoast_head_json":{"title":"KollegInnen - Hakomi-\u00d6sterreich","robots":{"index":"index","follow":"follow","max-snippet":"max-snippet:-1","max-image-preview":"max-image-preview:large","max-video-preview":"max-video-preview:-1"},"canonical":"https:\/\/neu.hakomi-austria.at\/home\/mitgliederbereich\/kolleginnen\/","og_locale":"de_DE","og_type":"article","og_title":"KollegInnen - Hakomi-\u00d6sterreich","og_description":"Dieser Bereich ist nur f\u00fcr Mitglieder von Hakomi-\u00d6sterreich zug\u00e4nglich.                                       Daten merken?            Passwort vergessen?           Zugangsdaten vergessen? Sende uns eine Email mit diesem Link, und Du erh\u00e4ltst neue Zugangsdaten. Da dieser Prozess nicht automatisiert ist, bitten wir um ein wenig Geduld.","og_url":"https:\/\/neu.hakomi-austria.at\/home\/mitgliederbereich\/kolleginnen\/","og_site_name":"Hakomi-\u00d6sterreich","article_publisher":"https:\/\/www.facebook.com\/profile.php?id=100078170244385","article_modified_time":"2022-06-29T07:54:35+00:00","og_image":[{"width":662,"height":150,"url":"https:\/\/neu.hakomi-austria.at\/wp-content\/uploads\/2017\/12\/HAKOMI-\u00d6sterreich-Logo-2016-RGB-150h.jpg","type":"image\/jpeg"}],"twitter_card":"summary_large_image","twitter_misc":{"Gesch\u00e4tzte Lesezeit":"1\u00a0Minute"},"schema":{"@context":"https:\/\/schema.org","@graph":[{"@type":"WebPage","@id":"https:\/\/neu.hakomi-austria.at\/home\/mitgliederbereich\/kolleginnen\/","url":"https:\/\/neu.hakomi-austria.at\/home\/mitgliederbereich\/kolleginnen\/","name":"KollegInnen - Hakomi-\u00d6sterreich","isPartOf":{"@id":"https:\/\/neu.hakomi-austria.at\/home\/#website"},"datePublished":"2017-12-23T14:24:13+00:00","dateModified":"2022-06-29T07:54:35+00:00","breadcrumb":{"@id":"https:\/\/neu.hakomi-austria.at\/home\/mitgliederbereich\/kolleginnen\/#breadcrumb"},"inLanguage":"de","potentialAction":[{"@type":"ReadAction","target":["https:\/\/neu.hakomi-austria.at\/home\/mitgliederbereich\/kolleginnen\/"]}]},{"@type":"BreadcrumbList","@id":"https:\/\/neu.hakomi-austria.at\/home\/mitgliederbereich\/kolleginnen\/#breadcrumb","itemListElement":[{"@type":"ListItem","position":1,"name":"Startseite","item":"https:\/\/neu.hakomi-austria.at\/home\/"},{"@type":"ListItem","position":2,"name":"Mitgliederbereich","item":"https:\/\/neu.hakomi-austria.at\/home\/mitgliederbereich\/"},{"@type":"ListItem","position":3,"name":"KollegInnen"}]},{"@type":"WebSite","@id":"https:\/\/neu.hakomi-austria.at\/home\/#website","url":"https:\/\/neu.hakomi-austria.at\/home\/","name":"Hakomi \u00d6sterreich","description":"Verein f\u00fcr k\u00f6rperorientierte Psychotherapie","publisher":{"@id":"https:\/\/neu.hakomi-austria.at\/home\/#organization"},"alternateName":"\u00d6sterreich: Hakomi Therapie und Hakomi Therapeuten und Therapeutinnen","potentialAction":[{"@type":"SearchAction","target":{"@type":"EntryPoint","urlTemplate":"https:\/\/neu.hakomi-austria.at\/home\/?s={search_term_string}"},"query-input":"required name=search_term_string"}],"inLanguage":"de"},{"@type":"Organization","@id":"https:\/\/neu.hakomi-austria.at\/home\/#organization","name":"Hakomi \u00d6sterreich \u2013 Verein f\u00fcr k\u00f6rperorientierte Psychotherapie","url":"https:\/\/neu.hakomi-austria.at\/home\/","logo":{"@type":"ImageObject","inLanguage":"de","@id":"https:\/\/neu.hakomi-austria.at\/home\/#\/schema\/logo\/image\/","url":"https:\/\/neu.hakomi-austria.at\/wp-content\/uploads\/2017\/12\/HAKOMI-\u00d6sterreich-Logo-2016-RGB-150h.jpg","contentUrl":"https:\/\/neu.hakomi-austria.at\/wp-content\/uploads\/2017\/12\/HAKOMI-\u00d6sterreich-Logo-2016-RGB-150h.jpg","width":662,"height":150,"caption":"Hakomi \u00d6sterreich \u2013 Verein f\u00fcr k\u00f6rperorientierte Psychotherapie"},"image":{"@id":"https:\/\/neu.hakomi-austria.at\/home\/#\/schema\/logo\/image\/"},"sameAs":["https:\/\/www.facebook.com\/profile.php?id=100078170244385","https:\/\/www.instagram.com\/hakomi_austria\/"]}]}},"_links":{"self":[{"href":"https:\/\/neu.hakomi-austria.at\/home\/wp-json\/wp\/v2\/pages\/39"}],"collection":[{"href":"https:\/\/neu.hakomi-austria.at\/home\/wp-json\/wp\/v2\/pages"}],"about":[{"href":"https:\/\/neu.hakomi-austria.at\/home\/wp-json\/wp\/v2\/types\/page"}],"author":[{"embeddable":true,"href":"https:\/\/neu.hakomi-austria.at\/home\/wp-json\/wp\/v2\/users\/39"}],"replies":[{"embeddable":true,"href":"https:\/\/neu.hakomi-austria.at\/home\/wp-json\/wp\/v2\/comments?post=39"}],"version-history":[{"count":9,"href":"https:\/\/neu.hakomi-austria.at\/home\/wp-json\/wp\/v2\/pages\/39\/revisions"}],"predecessor-version":[{"id":13368,"href":"https:\/\/neu.hakomi-austria.at\/home\/wp-json\/wp\/v2\/pages\/39\/revisions\/13368"}],"up":[{"embeddable":true,"href":"https:\/\/neu.hakomi-austria.at\/home\/wp-json\/wp\/v2\/pages\/2"}],"wp:attachment":[{"href":"https:\/\/neu.hakomi-austria.at\/home\/wp-json\/wp\/v2\/media?parent=39"}],"curies":[{"name":"wp","href":"https:\/\/api.w.org\/{rel}","templated":true}]}}