{"id":733,"date":"2019-05-31T07:49:46","date_gmt":"2019-05-31T05:49:46","guid":{"rendered":"http:\/\/neu.hakomi-austria.at\/home\/?page_id=733"},"modified":"2019-05-31T07:52:09","modified_gmt":"2019-05-31T05:52:09","slug":"datenschutzerklaerung","status":"publish","type":"page","link":"https:\/\/neu.hakomi-austria.at\/home\/datenschutzerklaerung\/","title":{"rendered":"Datenschutzerkl\u00e4rung"},"content":{"rendered":"<div class=\"fusion-fullwidth fullwidth-box fusion-builder-row-1 nonhundred-percent-fullwidth non-hundred-percent-height-scrolling\" style=\"--awb-border-radius-top-left:0px;--awb-border-radius-top-right:0px;--awb-border-radius-bottom-right:0px;--awb-border-radius-bottom-left:0px;\" ><div class=\"fusion-builder-row fusion-row\"><div class=\"fusion-layout-column fusion_builder_column fusion-builder-column-0 fusion_builder_column_1_1 1_1 fusion-one-full fusion-column-first fusion-column-last\" style=\"--awb-bg-size:cover;--awb-margin-bottom:0px;\"><div class=\"fusion-column-wrapper fusion-flex-column-wrapper-legacy\"><div class=\"fusion-text fusion-text-1\"><h2>Wer wir sind<\/h2>\n<p>Die Adresse unserer Website ist: http:\/\/hakomi-austria.at<\/p>\n<p>\u00a0<\/p>\n<p>F\u00fcr den Betrieb dieser Website verantwortlich:\u00a0<strong>Hakomi-\u00d6sterreich,\u00a0Verein f\u00fcr k\u00f6rperorientierte Psychotherapie;\u00a0<\/strong><strong>Oberhoferstra\u00dfe 89\/2\/6, 2130 Mistelbach<\/strong><\/p>\n<p>Die Nutzung unserer Webseite ist in der Regel ohne Angabe personenbezogener Daten m\u00f6glich.<\/p>\n<p>Sofern Sie personenbezogene Daten auf unserer Website angeben (etwa im Kontaktformular) erfolgt die Verarbeitung Ihrer personenbezogenen Daten ausschlie\u00dflich im Rahmen der der ab 25.05.2018 geltenden Datenschutz-Grundverordnung (DSGVO), des Datenschutzgesetz 2000 (DSG 2000) und des Datenschutz-Anpassungsgesetz 2018, der datenschutzrechtlichen Bestimmungen des Telekommunikationsgesetz 2003 (TKG 2003) sowie sonstiger einschl\u00e4giger Gesetze und Bestimmungen in der jeweils g\u00fcltigen Fassung.<\/p>\n<p>Im Folgenden informieren wir Sie, welche Daten wir im Rahmen Ihrer Website-Nutzung verarbeiten und zu welchem Zweck dies geschieht. Diese Datenschutzerkl\u00e4rung unterliegt einem regelm\u00e4\u00dfigen Review und kann sich insbesondere auf Grund von Gesetzesnovellen \u00e4ndern. Jegliche \u00c4nderungen werden auf unserer Website ver\u00f6ffentlicht.<\/p>\n<h2>Unser Datenschutzservice<\/h2>\n<p>Der Schutz Ihrer pers\u00f6nlichen Daten ist uns ein besonderes Anliegen. Wir verarbeiten Ihre Daten daher ausschlie\u00dflich auf Grundlage der gesetzlichen Bestimmungen (DSGVO, TKG 2003). In diesen Datenschutzinformationen informieren wir Sie \u00fcber die wichtigsten Aspekte der Datenverarbeitung im Rahmen unserer Website.<\/p>\n<h2>TLS-Verschl\u00fcsselung mit https<\/h2>\n<p>Wir verwenden https um Daten abh\u00f6rsicher im Internet zu \u00fcbertragen (Datenschutz durch Technikgestaltung Artikel 25 Absatz 1 DSGVO). Durch den Einsatz von TLS (Transport Layer Security), einem Verschl\u00fcsselungsprotokoll zur sicheren Daten\u00fcbertragung im Internet k\u00f6nnen wir den Schutz vertraulicher Daten sicherstellen. Sie erkennen die Benutzung dieser Absicherung der Daten\u00fcbertragung am kleinen Schlo\u00dfsymbol links oben im Browser und der Verwendung des Schemas https (anstatt http) als Teil unserer Internetadresse.<\/p>\n<h2>Kontakt<\/h2>\n<p>Kontaktformulare und Kontaktaufnahmen per E-Mail werden auf dem Webserver eines Auftragsverarbeiters gespeichert und von unseren MitarbeiterInnen verarbeitet.<\/p>\n<h2>HOSTING<\/h2>\n<p>F\u00fcr das Hosting nutzen wir einen Auftragsverarbeiter. Der Serverstandort der Quelldaten und der Datenbank liegt in \u00d6sterreich.<\/p>\n<h2>NEWSLETTER<\/h2>\n<p>E-Mail Adresse und Stammdaten (Namen, Vornamen) werden f\u00fcr Newsletter herangezogen und von uns sowie einem Auftragsverarbeiter gespeichert.<\/p>\n<h2>Allgemeine Datenspeicherung<\/h2>\n<p>Wenn Sie per Formular auf der Website oder per E-Mail Kontakt mit uns aufnehmen, werden Ihre angegebenen Daten zwecks Bearbeitung der Anfrage und f\u00fcr den Fall von Anschlussfragen bei uns gespeichert.<\/p>\n<p>F\u00fcr den Zweck der Kontaktaufnahme werden je nach Art des Formulars und der angegebenen Daten folgende personenbezogene Informationen gespeichert.<\/p>\n<h2>Kontaktformular<\/h2>\n<p>Zweck und Rechtsgrundlage: Beantwortung von Anfragen<\/p>\n<p>Stammdaten (Name, Vorname)<\/p>\n<p>Kontaktdaten (Telefonnummer, E-Mail Adresse) Anliegen (Anfrage, Betreff)<\/p>\n<h2>Cookies<\/h2>\n<p>Unsere Website verwendet so genannte Cookies. Dabei handelt es sich um kleine Textdateien, die mit Hilfe des Browsers auf Ihrem Endger\u00e4t abgelegt werden. Sie richten keinen Schaden an.<\/p>\n<p>Wir nutzen Cookies dazu, unser Angebot nutzerfreundlich zu gestalten. Einige Cookies bleiben auf Ihrem Endger\u00e4t gespeichert, bis Sie diese l\u00f6schen. Sie erm\u00f6glichen es uns, Ihren Browser beim n\u00e4chsten Besuch wiederzuerkennen.<\/p>\n<p>Wenn Sie dies nicht w\u00fcnschen, so k\u00f6nnen Sie Ihren Browser so einrichten, dass er Sie \u00fcber das Setzen von Cookies informiert und Sie dies nur im Einzelfall erlauben.<\/p>\n<p>Bei der Deaktivierung von Cookies kann die Funktionalit\u00e4t unserer Website eingeschr\u00e4nkt sein.<\/p>\n<h2>Eingebettete Inhalte von anderen Websites<\/h2>\n<p>Beitr\u00e4ge auf dieser Website k\u00f6nnen eingebettete Inhalte beinhalten (z. B. Videos, Bilder, Beitr\u00e4ge etc.). Eingebettete Inhalte von anderen Websites verhalten sich exakt so, als ob der Besucher die andere Website besucht h\u00e4tte.<\/p>\n<h2>Kommentare<\/h2>\n<p>Wenn Besucher Kommentare auf der Website schreiben, sammeln wir die Daten, die im Kommentar-Formular angezeigt werden, au\u00dferdem die IP-Adresse des Besuchers und den User-Agent-String (damit wird der Browser identifiziert), um die Erkennung von Spam zu unterst\u00fctzen. Aus Ihrer E-Mail-Adresse kann eine anonymisierte Zeichenfolge erstellt (auch Hash genannt) und dem Gravatar-Dienst \u00fcbergeben werden, um zu pr\u00fcfen, ob Sie diesen benutzen. Die Datenschutzerkl\u00e4rung des Gravatar-Dienstes finden Sie hier: <a href=\"https:\/\/automattic.com\/privacy\/\" target=\"_blank\" rel=\"noopener noreferrer\">https:\/\/automattic.com\/privacy\/<\/a>. Nachdem Ihr Kommentar freigegeben wurde, ist Ihr Profilbild \u00f6ffentlich im Kontext Ihres Kommentars sichtbar.<\/p>\n<h2>Google Fonts<\/h2>\n<p>Diese Webseite benutzt Google Fonts der Google Inc. (\u201eGoogle\u201c) zur einheitlichen Darstellung von Schriftarten auf dieser Website. Google Fonts wird von Google Inc., 1600 Amphitheatre Parkway, Mountain View, CA 94043, USA betrieben. Durch die Nutzung von Google Fonts werden Informationen \u00fcber Ihre Benutzung dieser Webseite (u.a. Ihrer IP-Adresse) an einen Server von Google in den USA \u00fcbertragen und dort gespeichert werden.<\/p>\n<p>Weitere Informationen zu Google Web Fonts finden Sie unter <a href=\"https:\/\/developers.google.com\/fonts\/faq\" target=\"_blank\" rel=\"noopener noreferrer\">https:\/\/developers.google.com\/fonts\/faq<\/a>und in der Datenschutzerkl\u00e4rung von Google: <a href=\"https:\/\/www.google.com\/policies\/privacy\/\" target=\"_blank\" rel=\"noopener noreferrer\">https:\/\/www.google.com\/policies\/privacy\/<\/a>.<\/p>\n<h2>YouTube Datenschutzerkl\u00e4rung<\/h2>\n<p>Wir verwenden auf dieser Seite des Videodienstes YouTube, der Firma YouTube, LLC, 901 Cherry Ave., San Bruno, CA 94066, USA. Durch das Aufrufen von Seiten unserer Webseite, die YouTube Videos integriert haben, werden Daten an YouTube \u00fcbertragen, gespeichert und ausgewertet. Sollten Sie ein YouTube-Konto haben und angemeldet sein, werden diese Daten Ihrem pers\u00f6nlichen Konto und den darin gespeicherten Daten zugeordnet. Welche Daten von Google erfasst werden und wof\u00fcr diese Daten verwendet werden, k\u00f6nnen Sie auf <a href=\"https:\/\/www.google.com\/intl\/de\/policies\/privacy\/\" target=\"_blank\" rel=\"noopener noreferrer\">https:\/\/www.google.com\/intl\/de\/policies\/privacy\/<\/a>nachlesen.<\/p>\n<h2>Informations- Mails\/ Newsletter:<\/h2>\n<p>Sie haben die M\u00f6glichkeit, per Mail Informations- Mails\/ Newsletter zu abonnieren. Hierf\u00fcr ben\u00f6tigen wir Ihre E-Mail-Adresse und ihre Erkl\u00e4rung per Mail, dass Sie mit dem Bezug des Informations- Mails \/ Newsletters einverstanden sind.<\/p>\n<p>Das Abo des Informations- Mails\/ Newsletters k\u00f6nnen Sie jederzeit stornieren. Senden Sie Ihre Stornierung bitte an folgende E-Mail-Adresse: roland.jaritz@welten-verbinden.at.Wir l\u00f6schen anschlie\u00dfend umgehend Ihre Daten im Zusammenhang mit dem Informations- Mail\/ Newsletter-Versand.<\/p>\n<h2>Information zu Ihrem Betroffenenrechten und zust\u00e4ndige Aufsichtsbeh\u00f6rde<\/h2>\n<p>Gem\u00e4\u00df den Bestimmungen der DSGVO haben Sie in Bezug auf Ihre personenbezogenen Daten die Rechte auf Auskunft, Berichtigung, L\u00f6schung, Einschr\u00e4nkung der Verarbeitung und Widerspruch sowie das Recht auf Daten\u00fcbertragbarkeit. Zur Geltendmachung dieser Rechte k\u00f6nnen Sie sich unter den auf <a target=\"_blank\" rel=\"noopener noreferrer\">https:\/\/www.spiritour.at\/kontakt<\/a>genannten Kontaktm\u00f6glichkeiten an uns wenden.<\/p>\n<p>Sind Sie der Ansicht, dass die Verarbeitung Ihrer personenbezogenen Daten gegen das Datenschutzrecht verst\u00f6\u00dft oder ihre datenschutzrechtlichen Anspr\u00fcche sonst in einer Weise verletzt worden sind, haben Sie das Recht sich bei der Aufsichtsbeh\u00f6rde zu beschweren. In \u00d6sterreich ist die Datenschutzbeh\u00f6rde, Wickenburggasse 8, 1080 Wien, (<a href=\"https:\/\/www.dsb.gv.at\/\" target=\"_blank\" rel=\"noopener noreferrer\">https:\/\/www.dsb.gv.at\/<\/a>) zust\u00e4ndig.<\/p>\n<h2>Kontakt mit uns:<\/h2>\n<p>Wenn Sie per Telefon \/ E-Mail Kontakt mit uns aufnehmen, werden Ihre angegebenen Daten (Name, Mail Adresse, Telefonnummer)\u00a0zwecks Bearbeitung der Anfrage und f\u00fcr den Fall von Anschlussfragen bei uns lokal (ebenso im backup lokal) gespeichert. Es erfolgt keine Datenspeicherung in der Cloud.<\/p>\n<p>Diese Daten geben wir nicht ohne Ihre Einwilligung weiter.<\/p>\n<h2>Sie erreichen uns unter folgenden Kontaktdaten:<\/h2>\n<div>Email: <a href=\"mailto:info@hakomi-austria.at\">info@hakomi-austria.at<\/a><\/div>\n<div><strong>Hakomi-\u00d6sterreich,\u00a0Verein f\u00fcr k\u00f6rperorientierte Psychotherapie<\/strong><\/div>\n<div><strong>Oberhoferstra\u00dfe 89\/2\/6, 2130 Mistelbach<\/strong><\/div>\n<p class=\"wp-policy-help\">\u00a0<\/p>\n<\/div><div class=\"fusion-clearfix\"><\/div><\/div><\/div><\/div><\/div>","protected":false},"excerpt":{"rendered":"","protected":false},"author":39,"featured_media":0,"parent":0,"menu_order":0,"comment_status":"closed","ping_status":"closed","template":"","meta":[],"yoast_head":"<!-- This site is optimized with the Yoast SEO plugin v20.3 - https:\/\/yoast.com\/wordpress\/plugins\/seo\/ -->\n<title>Datenschutzerkl\u00e4rung - Hakomi-\u00d6sterreich<\/title>\n<meta name=\"robots\" content=\"index, follow, max-snippet:-1, max-image-preview:large, max-video-preview:-1\" \/>\n<link rel=\"canonical\" href=\"https:\/\/neu.hakomi-austria.at\/home\/datenschutzerklaerung\/\" \/>\n<meta property=\"og:locale\" content=\"de_DE\" \/>\n<meta property=\"og:type\" content=\"article\" \/>\n<meta property=\"og:title\" content=\"Datenschutzerkl\u00e4rung - Hakomi-\u00d6sterreich\" \/>\n<meta property=\"og:url\" content=\"https:\/\/neu.hakomi-austria.at\/home\/datenschutzerklaerung\/\" \/>\n<meta property=\"og:site_name\" content=\"Hakomi-\u00d6sterreich\" \/>\n<meta property=\"article:publisher\" content=\"https:\/\/www.facebook.com\/profile.php?id=100078170244385\" \/>\n<meta property=\"article:modified_time\" content=\"2019-05-31T05:52:09+00:00\" \/>\n<meta property=\"og:image\" content=\"https:\/\/neu.hakomi-austria.at\/wp-content\/uploads\/2017\/12\/HAKOMI-\u00d6sterreich-Logo-2016-RGB-150h.jpg\" \/>\n\t<meta property=\"og:image:width\" content=\"662\" \/>\n\t<meta property=\"og:image:height\" content=\"150\" \/>\n\t<meta property=\"og:image:type\" content=\"image\/jpeg\" \/>\n<meta name=\"twitter:card\" content=\"summary_large_image\" \/>\n<meta name=\"twitter:label1\" content=\"Gesch\u00e4tzte Lesezeit\" \/>\n\t<meta name=\"twitter:data1\" content=\"6\u00a0Minuten\" \/>\n<script type=\"application\/ld+json\" class=\"yoast-schema-graph\">{\"@context\":\"https:\/\/schema.org\",\"@graph\":[{\"@type\":\"WebPage\",\"@id\":\"https:\/\/neu.hakomi-austria.at\/home\/datenschutzerklaerung\/\",\"url\":\"https:\/\/neu.hakomi-austria.at\/home\/datenschutzerklaerung\/\",\"name\":\"Datenschutzerkl\u00e4rung - Hakomi-\u00d6sterreich\",\"isPartOf\":{\"@id\":\"https:\/\/neu.hakomi-austria.at\/home\/#website\"},\"datePublished\":\"2019-05-31T05:49:46+00:00\",\"dateModified\":\"2019-05-31T05:52:09+00:00\",\"breadcrumb\":{\"@id\":\"https:\/\/neu.hakomi-austria.at\/home\/datenschutzerklaerung\/#breadcrumb\"},\"inLanguage\":\"de\",\"potentialAction\":[{\"@type\":\"ReadAction\",\"target\":[\"https:\/\/neu.hakomi-austria.at\/home\/datenschutzerklaerung\/\"]}]},{\"@type\":\"BreadcrumbList\",\"@id\":\"https:\/\/neu.hakomi-austria.at\/home\/datenschutzerklaerung\/#breadcrumb\",\"itemListElement\":[{\"@type\":\"ListItem\",\"position\":1,\"name\":\"Startseite\",\"item\":\"https:\/\/neu.hakomi-austria.at\/home\/\"},{\"@type\":\"ListItem\",\"position\":2,\"name\":\"Datenschutzerkl\u00e4rung\"}]},{\"@type\":\"WebSite\",\"@id\":\"https:\/\/neu.hakomi-austria.at\/home\/#website\",\"url\":\"https:\/\/neu.hakomi-austria.at\/home\/\",\"name\":\"Hakomi \u00d6sterreich\",\"description\":\"Verein f\u00fcr k\u00f6rperorientierte Psychotherapie\",\"publisher\":{\"@id\":\"https:\/\/neu.hakomi-austria.at\/home\/#organization\"},\"alternateName\":\"\u00d6sterreich: Hakomi Therapie und Hakomi Therapeuten und Therapeutinnen\",\"potentialAction\":[{\"@type\":\"SearchAction\",\"target\":{\"@type\":\"EntryPoint\",\"urlTemplate\":\"https:\/\/neu.hakomi-austria.at\/home\/?s={search_term_string}\"},\"query-input\":\"required name=search_term_string\"}],\"inLanguage\":\"de\"},{\"@type\":\"Organization\",\"@id\":\"https:\/\/neu.hakomi-austria.at\/home\/#organization\",\"name\":\"Hakomi \u00d6sterreich \u2013 Verein f\u00fcr k\u00f6rperorientierte Psychotherapie\",\"url\":\"https:\/\/neu.hakomi-austria.at\/home\/\",\"logo\":{\"@type\":\"ImageObject\",\"inLanguage\":\"de\",\"@id\":\"https:\/\/neu.hakomi-austria.at\/home\/#\/schema\/logo\/image\/\",\"url\":\"https:\/\/neu.hakomi-austria.at\/wp-content\/uploads\/2017\/12\/HAKOMI-\u00d6sterreich-Logo-2016-RGB-150h.jpg\",\"contentUrl\":\"https:\/\/neu.hakomi-austria.at\/wp-content\/uploads\/2017\/12\/HAKOMI-\u00d6sterreich-Logo-2016-RGB-150h.jpg\",\"width\":662,\"height\":150,\"caption\":\"Hakomi \u00d6sterreich \u2013 Verein f\u00fcr k\u00f6rperorientierte Psychotherapie\"},\"image\":{\"@id\":\"https:\/\/neu.hakomi-austria.at\/home\/#\/schema\/logo\/image\/\"},\"sameAs\":[\"https:\/\/www.facebook.com\/profile.php?id=100078170244385\",\"https:\/\/www.instagram.com\/hakomi_austria\/\"]}]}<\/script>\n<!-- \/ Yoast SEO plugin. -->","yoast_head_json":{"title":"Datenschutzerkl\u00e4rung - Hakomi-\u00d6sterreich","robots":{"index":"index","follow":"follow","max-snippet":"max-snippet:-1","max-image-preview":"max-image-preview:large","max-video-preview":"max-video-preview:-1"},"canonical":"https:\/\/neu.hakomi-austria.at\/home\/datenschutzerklaerung\/","og_locale":"de_DE","og_type":"article","og_title":"Datenschutzerkl\u00e4rung - Hakomi-\u00d6sterreich","og_url":"https:\/\/neu.hakomi-austria.at\/home\/datenschutzerklaerung\/","og_site_name":"Hakomi-\u00d6sterreich","article_publisher":"https:\/\/www.facebook.com\/profile.php?id=100078170244385","article_modified_time":"2019-05-31T05:52:09+00:00","og_image":[{"width":662,"height":150,"url":"https:\/\/neu.hakomi-austria.at\/wp-content\/uploads\/2017\/12\/HAKOMI-\u00d6sterreich-Logo-2016-RGB-150h.jpg","type":"image\/jpeg"}],"twitter_card":"summary_large_image","twitter_misc":{"Gesch\u00e4tzte Lesezeit":"6\u00a0Minuten"},"schema":{"@context":"https:\/\/schema.org","@graph":[{"@type":"WebPage","@id":"https:\/\/neu.hakomi-austria.at\/home\/datenschutzerklaerung\/","url":"https:\/\/neu.hakomi-austria.at\/home\/datenschutzerklaerung\/","name":"Datenschutzerkl\u00e4rung - Hakomi-\u00d6sterreich","isPartOf":{"@id":"https:\/\/neu.hakomi-austria.at\/home\/#website"},"datePublished":"2019-05-31T05:49:46+00:00","dateModified":"2019-05-31T05:52:09+00:00","breadcrumb":{"@id":"https:\/\/neu.hakomi-austria.at\/home\/datenschutzerklaerung\/#breadcrumb"},"inLanguage":"de","potentialAction":[{"@type":"ReadAction","target":["https:\/\/neu.hakomi-austria.at\/home\/datenschutzerklaerung\/"]}]},{"@type":"BreadcrumbList","@id":"https:\/\/neu.hakomi-austria.at\/home\/datenschutzerklaerung\/#breadcrumb","itemListElement":[{"@type":"ListItem","position":1,"name":"Startseite","item":"https:\/\/neu.hakomi-austria.at\/home\/"},{"@type":"ListItem","position":2,"name":"Datenschutzerkl\u00e4rung"}]},{"@type":"WebSite","@id":"https:\/\/neu.hakomi-austria.at\/home\/#website","url":"https:\/\/neu.hakomi-austria.at\/home\/","name":"Hakomi \u00d6sterreich","description":"Verein f\u00fcr k\u00f6rperorientierte Psychotherapie","publisher":{"@id":"https:\/\/neu.hakomi-austria.at\/home\/#organization"},"alternateName":"\u00d6sterreich: Hakomi Therapie und Hakomi Therapeuten und Therapeutinnen","potentialAction":[{"@type":"SearchAction","target":{"@type":"EntryPoint","urlTemplate":"https:\/\/neu.hakomi-austria.at\/home\/?s={search_term_string}"},"query-input":"required name=search_term_string"}],"inLanguage":"de"},{"@type":"Organization","@id":"https:\/\/neu.hakomi-austria.at\/home\/#organization","name":"Hakomi \u00d6sterreich \u2013 Verein f\u00fcr k\u00f6rperorientierte Psychotherapie","url":"https:\/\/neu.hakomi-austria.at\/home\/","logo":{"@type":"ImageObject","inLanguage":"de","@id":"https:\/\/neu.hakomi-austria.at\/home\/#\/schema\/logo\/image\/","url":"https:\/\/neu.hakomi-austria.at\/wp-content\/uploads\/2017\/12\/HAKOMI-\u00d6sterreich-Logo-2016-RGB-150h.jpg","contentUrl":"https:\/\/neu.hakomi-austria.at\/wp-content\/uploads\/2017\/12\/HAKOMI-\u00d6sterreich-Logo-2016-RGB-150h.jpg","width":662,"height":150,"caption":"Hakomi \u00d6sterreich \u2013 Verein f\u00fcr k\u00f6rperorientierte Psychotherapie"},"image":{"@id":"https:\/\/neu.hakomi-austria.at\/home\/#\/schema\/logo\/image\/"},"sameAs":["https:\/\/www.facebook.com\/profile.php?id=100078170244385","https:\/\/www.instagram.com\/hakomi_austria\/"]}]}},"_links":{"self":[{"href":"https:\/\/neu.hakomi-austria.at\/home\/wp-json\/wp\/v2\/pages\/733"}],"collection":[{"href":"https:\/\/neu.hakomi-austria.at\/home\/wp-json\/wp\/v2\/pages"}],"about":[{"href":"https:\/\/neu.hakomi-austria.at\/home\/wp-json\/wp\/v2\/types\/page"}],"author":[{"embeddable":true,"href":"https:\/\/neu.hakomi-austria.at\/home\/wp-json\/wp\/v2\/users\/39"}],"replies":[{"embeddable":true,"href":"https:\/\/neu.hakomi-austria.at\/home\/wp-json\/wp\/v2\/comments?post=733"}],"version-history":[{"count":3,"href":"https:\/\/neu.hakomi-austria.at\/home\/wp-json\/wp\/v2\/pages\/733\/revisions"}],"predecessor-version":[{"id":737,"href":"https:\/\/neu.hakomi-austria.at\/home\/wp-json\/wp\/v2\/pages\/733\/revisions\/737"}],"wp:attachment":[{"href":"https:\/\/neu.hakomi-austria.at\/home\/wp-json\/wp\/v2\/media?parent=733"}],"curies":[{"name":"wp","href":"https:\/\/api.w.org\/{rel}","templated":true}]}}